{"id":1573,"date":"2023-04-14T12:20:41","date_gmt":"2023-04-14T10:20:41","guid":{"rendered":"https:\/\/moeckernkiez-ev.de\/Wordpress_MK\/?page_id=1573"},"modified":"2026-03-17T21:08:32","modified_gmt":"2026-03-17T20:08:32","slug":"ueber-uns","status":"publish","type":"page","link":"https:\/\/moeckernkiez-ev.de\/Wordpress_MK\/ueber-uns\/","title":{"rendered":"\u00dcber uns"},"content":{"rendered":"\n<h4 class=\"wp-block-heading\">Der Verein<\/h4>\n\n\n\n<p>Der <strong>Verein M\u00f6ckernkiez e.V.<\/strong> hat sich zum Ziel gesetzt, sozialen Zusammenhalt und Engagement im Kiez rund um den <a href=\"https:\/\/de.wikipedia.org\/wiki\/Park_am_Gleisdreieck\">Park am Gleisdreieck<\/a> nachbarschaftlich zu f\u00f6rdern und steht allen interessierten Menschen offen. Es ist unser Anspruch, den Kiez mitzugestalten und Ideen zur Verbesserung der Lebensqualit\u00e4t umzusetzen. Die Mitglieder engagieren sich generationen-\u00fcbergreifend in den Aktionsfeldern Nachbarschaft, Kultur, Umwelt und Natur. Der Verein M\u00f6ckernkiez e.V. wurde im April 2008 gegr\u00fcndet und ist seit Januar 2012 als gemeinn\u00fctzig anerkannt.<\/p>\n\n\n\n<p>Der Verein betreibt den <strong>Treffpunkt<\/strong> der <a href=\"https:\/\/www.moeckernkiez.de\/\">Wohnungsgenossenschaft M\u00f6ckernkiez eG<\/a>, der aus dem Caf\u00e9 \u201eM\u00f6Ca\u201c, dem Raum f\u00fcr Veranstaltungen \u201eForum\u201c und dem \u201eWerkraum&#8220; besteht. Der Treffpunkt bietet R\u00e4ume f\u00fcr Gruppen, Veranstaltungen, Workshops und f\u00fcr informelle Begegnungen, die dazu von den im M\u00f6ckernkiez wohnenden Menschen gebucht werden k\u00f6nnen.<\/p>\n\n\n\n<h4 class=\"wp-block-heading\">Treffpunkt<\/h4>\n\n\n\n<p>Wir koordinieren die vielf\u00e4ltigen Aktivit\u00e4ten in unseren Gemeinschaftsr\u00e4umen, dem <strong><a href=\"https:\/\/moeckernkiez-ev.de\/Wordpress_MK\/werkraum\/\" data-type=\"page\" data-id=\"40\" target=\"_blank\" rel=\"noreferrer noopener\">Werkraum<\/a><\/strong>, dem Nachbarschaftstreff <strong><a href=\"https:\/\/moeckernkiez-ev.de\/Wordpress_MK\/moeca\/\" data-type=\"page\" data-id=\"43\" target=\"_blank\" rel=\"noreferrer noopener\">M\u00f6ca<\/a><\/strong>, sowie dem Veranstaltungsraum <strong>Forum<\/strong>. Alle R\u00e4ume sind f\u00fcr Aktivit\u00e4ten buchbar \u00fcber die <a href=\"https:\/\/moeckernkiez-ev.de\/Wordpress_MK\/raumbelegungskalender\/#raumbuchung\" target=\"_blank\" rel=\"noreferrer noopener\"><strong>Raumbuchung<\/strong><\/a>.<\/p>\n\n\n\n<figure class=\"wp-block-gallery has-nested-images columns-4 is-cropped wp-block-gallery-1 is-layout-flex wp-block-gallery-is-layout-flex\">\n<figure class=\"wp-block-image size-medium\"><a href=\"https:\/\/moeckernkiez-ev.de\/Wordpress_MK\/moeca\/#buecherregal\" target=\"_blank\" rel=\"noreferrer noopener\"><img loading=\"lazy\" decoding=\"async\" width=\"300\" height=\"300\" data-id=\"143\" src=\"test.moeckernkiez-ev.dewp-content\/uploads\/2022\/12\/Moeca-Buechertauschregal-1-300x300.jpg\" alt=\"B\u00fccherregal \" class=\"wp-image-143\" srcset=\"https:\/\/moeckernkiez-ev.de\/Wordpress_MK\/wp-content\/uploads\/2022\/12\/Moeca-Buechertauschregal-1-300x300.jpg 300w, https:\/\/moeckernkiez-ev.de\/Wordpress_MK\/wp-content\/uploads\/2022\/12\/Moeca-Buechertauschregal-1-1024x1024.jpg 1024w, https:\/\/moeckernkiez-ev.de\/Wordpress_MK\/wp-content\/uploads\/2022\/12\/Moeca-Buechertauschregal-1-150x150.jpg 150w, https:\/\/moeckernkiez-ev.de\/Wordpress_MK\/wp-content\/uploads\/2022\/12\/Moeca-Buechertauschregal-1-768x768.jpg 768w, https:\/\/moeckernkiez-ev.de\/Wordpress_MK\/wp-content\/uploads\/2022\/12\/Moeca-Buechertauschregal-1-1536x1536.jpg 1536w, https:\/\/moeckernkiez-ev.de\/Wordpress_MK\/wp-content\/uploads\/2022\/12\/Moeca-Buechertauschregal-1-2048x2048.jpg 2048w, https:\/\/moeckernkiez-ev.de\/Wordpress_MK\/wp-content\/uploads\/2022\/12\/Moeca-Buechertauschregal-1-1320x1320.jpg 1320w\" sizes=\"auto, (max-width: 300px) 100vw, 300px\" \/><\/a><figcaption class=\"wp-element-caption\">B\u00fccherregal<\/figcaption><\/figure>\n\n\n\n<figure class=\"wp-block-image size-medium\"><a href=\"test.moeckernkiez-ev.demoeca\/\"><img loading=\"lazy\" decoding=\"async\" width=\"300\" height=\"300\" data-id=\"140\" src=\"test.moeckernkiez-ev.dewp-content\/uploads\/2022\/12\/Moeca-Kaffeemaschine-300x300.jpg\" alt=\"Regal im M\u00f6ca\" class=\"wp-image-140\" srcset=\"https:\/\/moeckernkiez-ev.de\/Wordpress_MK\/wp-content\/uploads\/2022\/12\/Moeca-Kaffeemaschine-300x300.jpg 300w, https:\/\/moeckernkiez-ev.de\/Wordpress_MK\/wp-content\/uploads\/2022\/12\/Moeca-Kaffeemaschine-1024x1024.jpg 1024w, https:\/\/moeckernkiez-ev.de\/Wordpress_MK\/wp-content\/uploads\/2022\/12\/Moeca-Kaffeemaschine-150x150.jpg 150w, https:\/\/moeckernkiez-ev.de\/Wordpress_MK\/wp-content\/uploads\/2022\/12\/Moeca-Kaffeemaschine-768x768.jpg 768w, https:\/\/moeckernkiez-ev.de\/Wordpress_MK\/wp-content\/uploads\/2022\/12\/Moeca-Kaffeemaschine-1536x1536.jpg 1536w, https:\/\/moeckernkiez-ev.de\/Wordpress_MK\/wp-content\/uploads\/2022\/12\/Moeca-Kaffeemaschine-2048x2048.jpg 2048w, https:\/\/moeckernkiez-ev.de\/Wordpress_MK\/wp-content\/uploads\/2022\/12\/Moeca-Kaffeemaschine-1320x1320.jpg 1320w\" sizes=\"auto, (max-width: 300px) 100vw, 300px\" \/><\/a><figcaption class=\"wp-element-caption\">M\u00f6ca<\/figcaption><\/figure>\n\n\n\n<figure class=\"wp-block-image size-medium\"><img loading=\"lazy\" decoding=\"async\" width=\"300\" height=\"300\" data-id=\"120\" src=\"test.moeckernkiez-ev.dewp-content\/uploads\/2022\/12\/Werkraum-Schraubzwingen-300x300.jpg\" alt=\"\" class=\"wp-image-120\" srcset=\"https:\/\/moeckernkiez-ev.de\/Wordpress_MK\/wp-content\/uploads\/2022\/12\/Werkraum-Schraubzwingen-300x300.jpg 300w, https:\/\/moeckernkiez-ev.de\/Wordpress_MK\/wp-content\/uploads\/2022\/12\/Werkraum-Schraubzwingen-1024x1024.jpg 1024w, https:\/\/moeckernkiez-ev.de\/Wordpress_MK\/wp-content\/uploads\/2022\/12\/Werkraum-Schraubzwingen-150x150.jpg 150w, https:\/\/moeckernkiez-ev.de\/Wordpress_MK\/wp-content\/uploads\/2022\/12\/Werkraum-Schraubzwingen-768x768.jpg 768w, https:\/\/moeckernkiez-ev.de\/Wordpress_MK\/wp-content\/uploads\/2022\/12\/Werkraum-Schraubzwingen-1536x1536.jpg 1536w, https:\/\/moeckernkiez-ev.de\/Wordpress_MK\/wp-content\/uploads\/2022\/12\/Werkraum-Schraubzwingen-2048x2048.jpg 2048w, https:\/\/moeckernkiez-ev.de\/Wordpress_MK\/wp-content\/uploads\/2022\/12\/Werkraum-Schraubzwingen-1320x1320.jpg 1320w\" sizes=\"auto, (max-width: 300px) 100vw, 300px\" \/><figcaption class=\"wp-element-caption\">Werkraum<\/figcaption><\/figure>\n\n\n\n<figure class=\"wp-block-image size-medium\"><img loading=\"lazy\" decoding=\"async\" width=\"300\" height=\"300\" data-id=\"112\" src=\"test.moeckernkiez-ev.dewp-content\/uploads\/2022\/12\/Textilwerkstatt-Regal-300x300.jpg\" alt=\"\" class=\"wp-image-112\" srcset=\"https:\/\/moeckernkiez-ev.de\/Wordpress_MK\/wp-content\/uploads\/2022\/12\/Textilwerkstatt-Regal-300x300.jpg 300w, https:\/\/moeckernkiez-ev.de\/Wordpress_MK\/wp-content\/uploads\/2022\/12\/Textilwerkstatt-Regal-1024x1024.jpg 1024w, https:\/\/moeckernkiez-ev.de\/Wordpress_MK\/wp-content\/uploads\/2022\/12\/Textilwerkstatt-Regal-150x150.jpg 150w, https:\/\/moeckernkiez-ev.de\/Wordpress_MK\/wp-content\/uploads\/2022\/12\/Textilwerkstatt-Regal-768x768.jpg 768w, https:\/\/moeckernkiez-ev.de\/Wordpress_MK\/wp-content\/uploads\/2022\/12\/Textilwerkstatt-Regal-1536x1536.jpg 1536w, https:\/\/moeckernkiez-ev.de\/Wordpress_MK\/wp-content\/uploads\/2022\/12\/Textilwerkstatt-Regal-2048x2048.jpg 2048w, https:\/\/moeckernkiez-ev.de\/Wordpress_MK\/wp-content\/uploads\/2022\/12\/Textilwerkstatt-Regal-1320x1320.jpg 1320w\" sizes=\"auto, (max-width: 300px) 100vw, 300px\" \/><figcaption class=\"wp-element-caption\">N\u00e4hen im Werkraum<\/figcaption><\/figure>\n<\/figure>\n\n\n\n<h4 class=\"wp-block-heading\"><br><br>M\u00f6ca<\/h4>\n\n\n\n<p>Das M\u00f6ca ist \u00fcblicherweise an sechs Tagen in der Woche ge\u00f6ffnet (<a href=\"https:\/\/moeckernkiez-ev.de\/Wordpress_MK\/moeca\/#moeca-oeffnungszeiten\" data-type=\"URL\" data-id=\"https:\/\/moeckernkiez-ev.de\/Wordpress_MK\/moeca\/#moeca-oeffnungszeiten\">\u00d6ffnungszeiten<\/a>). Es gibt (fast) t\u00e4glich frischen Kuchen, mittwochs kochen Nachbar:innen f\u00fcr Nachbar:innen ein Men\u00fc und freitags eine Suppe.<br>Ausstattung mit freiem High Speed WLan ist selbstverst\u00e4ndlich. <\/p>\n\n\n\n<div class=\"wp-block-media-text is-stacked-on-mobile\" style=\"grid-template-columns:16% auto\"><figure class=\"wp-block-media-text__media\"><img loading=\"lazy\" decoding=\"async\" width=\"610\" height=\"780\" src=\"https:\/\/moeckernkiez-ev.de\/Wordpress_MK\/wp-content\/uploads\/2025\/01\/image-5.png\" alt=\"\" class=\"wp-image-6228 size-full\" srcset=\"https:\/\/moeckernkiez-ev.de\/Wordpress_MK\/wp-content\/uploads\/2025\/01\/image-5.png 610w, https:\/\/moeckernkiez-ev.de\/Wordpress_MK\/wp-content\/uploads\/2025\/01\/image-5-235x300.png 235w\" sizes=\"auto, (max-width: 610px) 100vw, 610px\" \/><\/figure><div class=\"wp-block-media-text__content\">\n<p>Zu den \u00d6ffnungszeiten sind uns auch Kinder mit Begleitpersonen willkommen. Aus Gr\u00fcnden der Nachwuchsf\u00f6rderung f\u00fcr unsere Kochteams an Mittwoch und Freitag ist, unter anderem, ein Kochstudio in  einer Spielecke eingerichtet. W\u00e4hrend sich die s\u00fcssen Kleinen &#8217;n\u00fctzlich&#8216; machen kann sich die Begleitung von den gut ausgebildeten Baristas verw\u00f6hnen lassen.<\/p>\n<\/div><\/div>\n\n\n\n<h4 class=\"wp-block-heading\">Forum<\/h4>\n\n\n\n<p>M\u00f6ca und Forum bieten R\u00e4ume f\u00fcr Gruppen, Veranstaltungen, Workshops und f\u00fcr informelle Begegnungen und sind mit einer Grundausstattung von Audio- und Videotechnik versehen.<\/p>\n\n\n\n<figure class=\"wp-block-gallery has-nested-images columns-4 is-cropped wp-block-gallery-2 is-layout-flex wp-block-gallery-is-layout-flex\">\n<figure class=\"wp-block-image size-large\"><img loading=\"lazy\" decoding=\"async\" width=\"640\" height=\"640\" data-id=\"865\" src=\"https:\/\/moeckernkiez-ev.de\/Wordpress_MK\/wp-content\/uploads\/2023\/02\/Flur-zum-Forum.jpeg\" alt=\"\" class=\"wp-image-865\" srcset=\"https:\/\/moeckernkiez-ev.de\/Wordpress_MK\/wp-content\/uploads\/2023\/02\/Flur-zum-Forum.jpeg 640w, https:\/\/moeckernkiez-ev.de\/Wordpress_MK\/wp-content\/uploads\/2023\/02\/Flur-zum-Forum-300x300.jpeg 300w, https:\/\/moeckernkiez-ev.de\/Wordpress_MK\/wp-content\/uploads\/2023\/02\/Flur-zum-Forum-150x150.jpeg 150w\" sizes=\"auto, (max-width: 640px) 100vw, 640px\" \/><figcaption class=\"wp-element-caption\">Flur zum Forum<\/figcaption><\/figure>\n\n\n\n<figure class=\"wp-block-image size-large\"><img loading=\"lazy\" decoding=\"async\" width=\"640\" height=\"640\" data-id=\"866\" src=\"https:\/\/moeckernkiez-ev.de\/Wordpress_MK\/wp-content\/uploads\/2023\/02\/Forum.jpeg\" alt=\"\" class=\"wp-image-866\" srcset=\"https:\/\/moeckernkiez-ev.de\/Wordpress_MK\/wp-content\/uploads\/2023\/02\/Forum.jpeg 640w, https:\/\/moeckernkiez-ev.de\/Wordpress_MK\/wp-content\/uploads\/2023\/02\/Forum-300x300.jpeg 300w, https:\/\/moeckernkiez-ev.de\/Wordpress_MK\/wp-content\/uploads\/2023\/02\/Forum-150x150.jpeg 150w\" sizes=\"auto, (max-width: 640px) 100vw, 640px\" \/><figcaption class=\"wp-element-caption\">Forum<\/figcaption><\/figure>\n\n\n\n<figure class=\"wp-block-image size-medium\"><img loading=\"lazy\" decoding=\"async\" width=\"300\" height=\"300\" data-id=\"864\" src=\"https:\/\/moeckernkiez-ev.de\/Wordpress_MK\/wp-content\/uploads\/2023\/02\/Beratungsraum-300x300.jpeg\" alt=\"\" class=\"wp-image-864\" srcset=\"https:\/\/moeckernkiez-ev.de\/Wordpress_MK\/wp-content\/uploads\/2023\/02\/Beratungsraum-300x300.jpeg 300w, https:\/\/moeckernkiez-ev.de\/Wordpress_MK\/wp-content\/uploads\/2023\/02\/Beratungsraum-150x150.jpeg 150w, https:\/\/moeckernkiez-ev.de\/Wordpress_MK\/wp-content\/uploads\/2023\/02\/Beratungsraum.jpeg 640w\" sizes=\"auto, (max-width: 300px) 100vw, 300px\" \/><figcaption class=\"wp-element-caption\">Beratungsraum<\/figcaption><\/figure>\n\n\n\n<figure class=\"wp-block-image size-large\"><img loading=\"lazy\" decoding=\"async\" width=\"640\" height=\"640\" data-id=\"869\" src=\"https:\/\/moeckernkiez-ev.de\/Wordpress_MK\/wp-content\/uploads\/2023\/02\/ForumTischeStuehle.jpeg\" alt=\"\" class=\"wp-image-869\" srcset=\"https:\/\/moeckernkiez-ev.de\/Wordpress_MK\/wp-content\/uploads\/2023\/02\/ForumTischeStuehle.jpeg 640w, https:\/\/moeckernkiez-ev.de\/Wordpress_MK\/wp-content\/uploads\/2023\/02\/ForumTischeStuehle-300x300.jpeg 300w, https:\/\/moeckernkiez-ev.de\/Wordpress_MK\/wp-content\/uploads\/2023\/02\/ForumTischeStuehle-150x150.jpeg 150w\" sizes=\"auto, (max-width: 640px) 100vw, 640px\" \/><figcaption class=\"wp-element-caption\">Forum Ausstattung<\/figcaption><\/figure>\n<\/figure>\n\n\n\n<p><\/p>\n\n\n\n<h4 class=\"wp-block-heading\">Werkraum<\/h4>\n\n\n\n<p>Neben Drehbank, Hobelbank und Standbohrmaschine gibt es viele Handger\u00e4te f\u00fcr die Holzbearbeitung, Schleifer, Handkreiss\u00e4ge, Stichs\u00e4ge etc. Handlicher Elektroschrott und Batterien k\u00f6nnen dort abgegeben werden. Es gibt regelm\u00e4\u00dfige Angebote wie den Textilgruppe, die Computersprechstunde und die Reparaturgruppen. <a href=\"https:\/\/moeckernkiez-ev.de\/Wordpress_MK\/werkraum\/#WerkraumOeffnungszeiten\" target=\"_blank\" rel=\"noreferrer noopener\">\u00d6ffnungszeiten<\/a><\/p>\n\n\n\n<h4 class=\"wp-block-heading\">Veranstaltungen, Kurse, Gespr\u00e4chsgruppen<\/h4>\n\n\n\n<p>Alle \u00f6ffentlichen Veranstaltungen wie Lesungen, Konzerte usw. sowie nicht regelm\u00e4\u00dfig stattfindenden Kurse werden im <a href=\"https:\/\/moeckernkiez-ev.de\/Wordpress_MK\/kalender\/\" target=\"_blank\" rel=\"noreferrer noopener\">Kalender<\/a> aktuell gef\u00fchrt. F\u00fcr die regelm\u00e4\u00dfig stattfindenden Kurse gibt es einen <a href=\"https:\/\/moeckernkiez-ev.de\/Wordpress_MK\/sport-und-bewegung\/\">Kursplan<\/a>. Die n\u00e4chsten Veranstaltungen stehen in der rechten Seitenleiste. Informationen zu den einzelnen Kalendereintr\u00e4gen findet ihr, indem ihr den entsprechenden Antrag anklickt (oder mit der Maus dr\u00fcber geht). Wenn ihr selber die R\u00e4ume f\u00fcr Angebote anfragen wollt, k\u00f6nnt ihr euch an die <a href=\"https:\/\/moeckernkiez-ev.de\/Wordpress_MK\/kontakt\/\" data-type=\"page\" data-id=\"364\" target=\"_blank\" rel=\"noreferrer noopener\">Raumverwaltung<\/a> wenden. Die Richtlinien f\u00fcr die Raumvergabe gibt es <a href=\"https:\/\/moeckernkiez-ev.de\/Wordpress_MK\/wp-content\/uploads\/2024\/03\/RaumVergabeRichtlinien_240209.pdf\">hier<\/a>. Direkte Buchungsanfragen gehen \u00fcber die <a href=\"https:\/\/moeckernkiez-ev.de\/Wordpress_MK\/raumbelegungskalender\/#raumbuchung\" target=\"_blank\" rel=\"noreferrer noopener\">Raumbuchung<\/a>, f\u00fcr die Buchungsanfrage gibt es eine <a href=\"https:\/\/moeckernkiez-ev.de\/Wordpress_MK\/wp-content\/uploads\/2023\/02\/Raumanmeldung.pdf\">Anleitung<\/a>.<\/p>\n\n\n\n<h4 class=\"wp-block-heading\">Neueste Beitr\u00e4ge abonnieren<\/h4>\n\n\n\n<p>Bis Februar 2023 gab es einen monatlich erscheinenden Newsletter, herausgegeben von einem engagierten Redaktionsteam. Dieses Team hat sich inzwischen leider aufgel\u00f6st und dementsprechend wurde die Erstellung des Newsletters eingestellt.<br><br>Alle bisher erschienenen Newsletter sind als Archiv auf dieser Seite verf\u00fcgbar (Siehe Fussleiste der Seiten). <br>Als Fortsetzung zum Newsletter ist es m\u00f6glich und empfehlenswert, den Versand der regelm\u00e4\u00dfig auf dieser (Vereins-) Seite erscheinenden, ausnehmend lesenswerten, Betr\u00e4ge zu abonnieren und als Email zugeschickt zu bekommen (<a href=\"https:\/\/moeckernkiez-ev.de\/Wordpress_MK\/neue-beitraege-abonieren\/\">Anmeldung<\/a>).<\/p>\n\n\n\n<h4 class=\"wp-block-heading\">Arbeitsgruppen<\/h4>\n\n\n\n<p>Kurze Informationen mit Kontaktadressen zu den Arbeitsgruppen finden sich auf der Seite <a href=\"https:\/\/moeckernkiez-ev.de\/Wordpress_MK\/arbeitsgruppen\/\" data-type=\"page\" data-id=\"277\" target=\"_blank\" rel=\"noreferrer noopener\">Arbeitsgruppen<\/a>.<\/p>\n\n\n\n<h4 class=\"wp-block-heading\">Kontakt<\/h4>\n\n\n\n<p>Ob ihr den Vereinsvorstand anschreiben m\u00f6chtet, einen Raum f\u00fcr eine Veranstaltung buchen m\u00f6chtet, in einer der vielen AGs mitmachen m\u00f6chtet, Fragen zu Kursen habt oder vieles mehr, auf der <a href=\"https:\/\/moeckernkiez-ev.de\/Wordpress_MK\/kontakt\/\" data-type=\"page\" data-id=\"364\" target=\"_blank\" rel=\"noreferrer noopener\">Kontaktseite <\/a>findet ihr alle Ansprechpartner:innen.<\/p>\n\n\n\n<h4 class=\"wp-block-heading\">Kurzinfo Verein<\/h4>\n\n\n\n<p><strong>Daten und Zahlen<\/strong><\/p>\n\n\n\n<ul class=\"wp-block-list\">\n<li>Im April 2008 aus der Initiative M\u00f6ckernkiez heraus gegr\u00fcndet<\/li>\n\n\n\n<li>Seit 2012 in Kreuzberg aktiv<\/li>\n\n\n\n<li>Der Verein steht allen interessierten Menschen offen<\/li>\n\n\n\n<li>Aktuell etwa 340 Mitglieder (viele davon wohnen nicht im M\u00f6ckernkiez)<\/li>\n\n\n\n<li>Ehrenamtlicher Vorstand<\/li>\n\n\n\n<li>60 Euro Jahresbeitrag, reduzierter Beitrag in R\u00fccksprache mit dem Vorstand m\u00f6glich.<\/li>\n<\/ul>\n\n\n\n<p><strong>Seit 1. Januar 2012 ist die Gemeinn\u00fctzigkeit des Vereins anerkannt<\/strong> (<a href=\"https:\/\/moeckernkiez-ev.de\/Wordpress_MK\/wp-content\/uploads\/2026\/03\/Freistellungsbescheid2022_2023.pdf\" target=\"_blank\" rel=\"noreferrer noopener\">Freistellungsbescheid 2022-2023<\/a>).<\/p>\n\n\n\n<h4 class=\"wp-block-heading\" id=\"ziele\">Ziele und Zwecke des Vereins lt. Satzung<\/h4>\n\n\n\n<p><strong>Satzungszwecke<\/strong>:<\/p>\n\n\n\n<ul class=\"wp-block-list\">\n<li>F\u00f6rderung der Jugend- und Altenhilfe<\/li>\n\n\n\n<li>F\u00f6rderung der Hilfe f\u00fcr Behinderte<\/li>\n\n\n\n<li>F\u00f6rderung von Kunst und Kultur<\/li>\n\n\n\n<li>F\u00f6rderung des b\u00fcrgerschaftlichen Engagements<\/li>\n<\/ul>\n\n\n\n<p><strong><strong>Erreichung der Satzungszwecke&nbsp;u.a. durch<\/strong><\/strong>:<\/p>\n\n\n\n<ul class=\"wp-block-list\">\n<li>Planung, Aufbau, Organisation und Unterhaltung der Gemeinschaftseinrichtungen Werkraum und Forum sowie von Netzwerken, vornehmlich in der Nachbarschaft, die dem Gemeinwesen dienen.<\/li>\n<\/ul>\n\n\n\n<p>F\u00fcr weitere Details zu unseren Zielen und Zwecken kann die gesamte <a rel=\"noreferrer noopener\" href=\"https:\/\/moeckernkiez-ev.de\/Wordpress_MK\/wp-content\/uploads\/2022\/12\/Satzung.pdf\" target=\"_blank\">Satzung<\/a><a href=\"https:\/\/moeckernkiez-ev.de\/Wordpress_MK\/satzung\/\"> <\/a>des M\u00f6ckernkiez-Vereins heruntergeladen werden.<\/p>\n\n\n\n<h4 class=\"wp-block-heading\">Vernetzung und Aktivit\u00e4ten<\/h4>\n\n\n\n<ul class=\"wp-block-list\">\n<li>Kreuzberger Horn e.V. \/ Kiezb\u00fcndnis am Kreuzberg<\/li>\n\n\n\n<li>Kiezwoche (Lesungen und Ausstellung)<\/li>\n\n\n\n<li>Interkultureller Garten \u201e<a href=\"https:\/\/www.suedost-ev.de\/\" target=\"_blank\" rel=\"noreferrer noopener\">Rosenduft<\/a>\u201c<\/li>\n\n\n\n<li>Freunde alter Menschen<\/li>\n\n\n\n<li>Netzwerk \u201eTeilhabe \u00e4lterer Menschen in Kreuzberg\u201c<\/li>\n\n\n\n<li>Nachbarschaftshilfe f\u00fcr M\u00f6ckernkiez und Nachbarschaft<\/li>\n\n\n\n<li>Forum Dragoner Areal, Beteiligung an Zukunftsrat und \u00d6ko-AG<\/li>\n\n\n\n<li>Aktivit\u00e4ten f\u00fcr die Mitglieder<\/li>\n\n\n\n<li>Sport \/ Bewegung \/ Entspannung<\/li>\n\n\n\n<li>Kultur<\/li>\n\n\n\n<li>Natur<\/li>\n<\/ul>\n\n\n\n<h4 class=\"wp-block-heading\" id=\"raumverwaltung\">In den Verein eintreten<\/h4>\n\n\n\n<p>Wir freuen uns, wenn ihr uns unterst\u00fctzt, das nachbarschaftliche Leben im M\u00f6ckernkiez zu erm\u00f6glichen. Das Beitrittsformular k\u00f6nnen Sie \/ k\u00f6nnt ihr <a href=\"https:\/\/moeckernkiez-ev.de\/Wordpress_MK\/wp-content\/uploads\/2023\/01\/mkiezev-beitritt.pdf\" target=\"_blank\" rel=\"noreferrer noopener\">hier<\/a> runterladen.<\/p>\n\n\n\n<h4 class=\"wp-block-heading\" id=\"spendenkonto\">Spendenkonto<\/h4>\n\n\n\nBankverbindung:<br>\n<p>M\u00f6ckernkiez e.V.<br>IBAN: DE41 4306 0967 1101 9938 00<br>GLS-Bank, BIC: GENODEM1GLS<\/p>\n\n\n\n<h4 class=\"wp-block-heading\">Spendenbescheinigung \/ Zuwendungsnachweis \/ SEPA Lastschriftmandat<\/h4>\n\n\n\n<p>Spenden \/ Zuwendungen und Mitgliedsbeitr\u00e4ge k\u00f6nnen steuerlich geltend gemacht werden. F\u00fcr Betr\u00e4ge bis 300 Euro kann <a href=\"https:\/\/moeckernkiez-ev.de\/Wordpress_MK\/wp-content\/uploads\/2024\/06\/SpendenbescheinigungMoeckernkiezeV_2024_V1_Euro.pdf\">diese Best\u00e4tigung<\/a> verwendet werden. F\u00fcr Betr\u00e4ge \u00fcber 300 Euro wird ein\/e Spendenbescheinigung \/ Zuwendungsnachweis zugesendet.<br>Wer es sich und uns einfach machen will f\u00fcllt ein <a href=\"https:\/\/moeckernkiez-ev.de\/Wordpress_MK\/wp-content\/uploads\/2024\/11\/SEPA-Vordruck-Mitgliedschaft-MeV-HP-WP.pdf\" data-type=\"attachment\" data-id=\"5910\" target=\"_blank\" rel=\"noreferrer noopener\">SEPA-Basis-Lastschriftmandat<\/a> aus und \u00fcbermittelt es an mitgliederverwaltung@moeckernkiez-ev.de. Den Rest macht dann unsere Schatzmeisterei f\u00fcr sie.<\/p>\n\n\n\n<p><\/p>\n","protected":false},"excerpt":{"rendered":"<p>Der Verein Der Verein M\u00f6ckernkiez e.V. hat sich zum Ziel gesetzt, sozialen Zusammenhalt und Engagement im Kiez rund um den Park am Gleisdreieck nachbarschaftlich zu f\u00f6rdern und steht allen interessierten Menschen offen. Es ist unser Anspruch, den Kiez mitzugestalten und Ideen zur Verbesserung der Lebensqualit\u00e4t umzusetzen. Die Mitglieder engagieren sich generationen-\u00fcbergreifend in den Aktionsfeldern Nachbarschaft, &#8230; <\/p>\n<p class=\"read-more-container\"><a title=\"\u00dcber uns\" class=\"read-more button\" href=\"https:\/\/moeckernkiez-ev.de\/Wordpress_MK\/ueber-uns\/#more-1573\" aria-label=\"Mehr Informationen \u00fcber \u00dcber uns\">Beitrag lesen<\/a><\/p>\n","protected":false},"author":4,"featured_media":0,"parent":0,"menu_order":0,"comment_status":"closed","ping_status":"closed","template":"","meta":{"footnotes":""},"class_list":["post-1573","page","type-page","status-publish"],"publishpress_future_action":{"enabled":false,"date":"2026-04-12 14:56:14","action":"change-status","newStatus":"draft","terms":[],"taxonomy":"","extraData":[]},"publishpress_future_workflow_manual_trigger":{"enabledWorkflows":[]},"_links":{"self":[{"href":"https:\/\/moeckernkiez-ev.de\/Wordpress_MK\/wp-json\/wp\/v2\/pages\/1573","targetHints":{"allow":["GET"]}}],"collection":[{"href":"https:\/\/moeckernkiez-ev.de\/Wordpress_MK\/wp-json\/wp\/v2\/pages"}],"about":[{"href":"https:\/\/moeckernkiez-ev.de\/Wordpress_MK\/wp-json\/wp\/v2\/types\/page"}],"author":[{"embeddable":true,"href":"https:\/\/moeckernkiez-ev.de\/Wordpress_MK\/wp-json\/wp\/v2\/users\/4"}],"replies":[{"embeddable":true,"href":"https:\/\/moeckernkiez-ev.de\/Wordpress_MK\/wp-json\/wp\/v2\/comments?post=1573"}],"version-history":[{"count":44,"href":"https:\/\/moeckernkiez-ev.de\/Wordpress_MK\/wp-json\/wp\/v2\/pages\/1573\/revisions"}],"predecessor-version":[{"id":10558,"href":"https:\/\/moeckernkiez-ev.de\/Wordpress_MK\/wp-json\/wp\/v2\/pages\/1573\/revisions\/10558"}],"wp:attachment":[{"href":"https:\/\/moeckernkiez-ev.de\/Wordpress_MK\/wp-json\/wp\/v2\/media?parent=1573"}],"curies":[{"name":"wp","href":"https:\/\/api.w.org\/{rel}","templated":true}]}}