{"id":364,"date":"2022-12-23T15:02:09","date_gmt":"2022-12-23T14:02:09","guid":{"rendered":"http:\/\/localhost:8888\/?page_id=364"},"modified":"2024-10-29T11:52:45","modified_gmt":"2024-10-29T10:52:45","slug":"kontakt","status":"publish","type":"page","link":"https:\/\/moeckernkiez-ev.de\/Wordpress_MK\/kontakt\/","title":{"rendered":"Kontakt"},"content":{"rendered":"\n<h4 class=\"wp-block-heading\">Fragen und Anregungen<\/h4>\n\n\n\n<p>Du hast <strong>Fragen oder Anregungen zum Verein<\/strong>? Schreibe uns eine Email an vorstand@moeckernkiez-ev.de<\/p>\n\n\n\n<h4 class=\"wp-block-heading\">Aktivit\u00e4ten im Werkraum<\/h4>\n\n\n\n<p>Du m\u00f6chtest wissen wann welche <strong>Aktivit\u00e4ten im Werkraum<\/strong> angeboten werden. Hier findest Du die <a href=\"https:\/\/moeckernkiez-ev.de\/Wordpress_MK\/werkraum\/#WerkraumOeffnungszeiten\">\u00d6ffnungszeiten und regelm\u00e4\u00dfige Aktivit\u00e4ten<\/a><\/p>\n\n\n\n<h4 class=\"wp-block-heading\">Beitr\u00e4ge und\/oder Veranstaltungen f\u00fcr die Webseite <\/h4>\n\n\n\n<p>Du m\u00f6chstest die Ank\u00fcndigung f\u00fcr eine Veranstaltung und\/oder einen Beitrag auf der Webseite ver\u00f6ffentlichen: Schreibe eine Email an das Webseiten-Team: <strong>neuigkeiten@moeckernkiez-ev.de<\/strong>. Schicke den Text als Textdatei und evtl. vorhandene Bilder als separate Bilddatei. <\/p>\n\n\n\n<h4 class=\"wp-block-heading\">Kultur<\/h4>\n\n\n\n<p>Du m\u00f6chtest kulturelle Veranstaltungen im Treffpunkt vorschlagen: Schreibe eine Email an die <strong>Kultur-AG<\/strong>: <strong>moekult@posteo.de<\/strong><\/p>\n\n\n\n<h4 class=\"wp-block-heading\">Kurse &#8211; Sport und Bewegung<\/h4>\n\n\n\n<p>Du m\u00f6chtest im Bereich Sport und Bewegung an einem Kurs teilnehmen oder Dich \u00fcber die Kurse informieren. <a href=\"https:\/\/moeckernkiez-ev.de\/Wordpress_MK\/sport-und-bewegung\/\">Hier<\/a> findest Du alle <strong>Kurse<\/strong>.<\/p>\n\n\n\n<h4 class=\"wp-block-heading\">Tisch reservieren im M\u00f6ca<\/h4>\n\n\n\n<p>Du m\u00f6chtest Dich mit einer Gruppe zwischen 6 und 8 Personen im Caf\u00e9treff (M\u00f6ca) w\u00e4hrend der \u00d6ffnungszeiten treffen und deshalb einen <strong>Tisch reservieren<\/strong>.<br>Schreibe eine Email an das M\u00f6ca-Team: <strong>moeca@moeckernkiez-ev.de<\/strong><\/p>\n\n\n\n<h4 class=\"wp-block-heading\">Arbeitsgruppen<\/h4>\n\n\n\n<p>Die <strong>Arbeitsgruppen<\/strong> im Verein des M\u00f6ckernkiezes sowie deren Kontaktadressen findest Du <a href=\"https:\/\/moeckernkiez-ev.de\/Wordpress_MK\/arbeitsgruppen\/\" data-type=\"page\" data-id=\"277\">hier<\/a>.<\/p>\n\n\n\n<h4 class=\"wp-block-heading\">Raumreservierung<\/h4>\n\n\n\n<p>Du m\u00f6chtest einen Raum (Forum, M\u00f6ca, Besprechungsraum oder Werkraum) anfragen, weil Du entweder ein Hausgruppentreffen , eine Veranstaltung, oder einen Kurs organisieren m\u00f6chtest: <br>Registrierte Benutzer k\u00f6nnen \u00fcber den Link <a href=\"https:\/\/moeckernkiez-ev.de\/Wordpress_MK\/raumbelegungskalender\/#raumbuchung\" target=\"_blank\" rel=\"noreferrer noopener\">Raumbuchung <\/a>R\u00e4ume reservieren lassen, die dortige Anleitung zur Raumbuchung  ist n\u00fctzlich. Die Gruppe Raumverwaltung kann auch direkt per Email erreicht werden: <strong>raumverwaltung@moeckernkiez-ev.de<\/strong><\/p>\n\n\n\n<h4 class=\"wp-block-heading\">Adresse<\/h4>\n\n\n\n<p>Du findest uns im M\u00f6ckernkiez 2  in Kreuzberg (Yorckstrasse 26 und dann links die Treppe hoch zum Kiezplatz)<\/p>\n","protected":false},"excerpt":{"rendered":"<p>Fragen und Anregungen Du hast Fragen oder Anregungen zum Verein? Schreibe uns eine Email an vorstand@moeckernkiez-ev.de Aktivit\u00e4ten im Werkraum Du m\u00f6chtest wissen wann welche Aktivit\u00e4ten im Werkraum angeboten werden. Hier findest Du die \u00d6ffnungszeiten und regelm\u00e4\u00dfige Aktivit\u00e4ten Beitr\u00e4ge und\/oder Veranstaltungen f\u00fcr die Webseite Du m\u00f6chstest die Ank\u00fcndigung f\u00fcr eine Veranstaltung und\/oder einen Beitrag auf der &#8230; <\/p>\n<p class=\"read-more-container\"><a title=\"Kontakt\" class=\"read-more button\" href=\"https:\/\/moeckernkiez-ev.de\/Wordpress_MK\/kontakt\/#more-364\" aria-label=\"Mehr Informationen \u00fcber Kontakt\">Beitrag lesen<\/a><\/p>\n","protected":false},"author":4,"featured_media":0,"parent":0,"menu_order":0,"comment_status":"closed","ping_status":"closed","template":"","meta":{"footnotes":""},"class_list":["post-364","page","type-page","status-publish"],"publishpress_future_action":{"enabled":false,"date":"2026-04-26 14:50:43","action":"change-status","newStatus":"draft","terms":[],"taxonomy":"","extraData":[]},"publishpress_future_workflow_manual_trigger":{"enabledWorkflows":[]},"_links":{"self":[{"href":"https:\/\/moeckernkiez-ev.de\/Wordpress_MK\/wp-json\/wp\/v2\/pages\/364","targetHints":{"allow":["GET"]}}],"collection":[{"href":"https:\/\/moeckernkiez-ev.de\/Wordpress_MK\/wp-json\/wp\/v2\/pages"}],"about":[{"href":"https:\/\/moeckernkiez-ev.de\/Wordpress_MK\/wp-json\/wp\/v2\/types\/page"}],"author":[{"embeddable":true,"href":"https:\/\/moeckernkiez-ev.de\/Wordpress_MK\/wp-json\/wp\/v2\/users\/4"}],"replies":[{"embeddable":true,"href":"https:\/\/moeckernkiez-ev.de\/Wordpress_MK\/wp-json\/wp\/v2\/comments?post=364"}],"version-history":[{"count":7,"href":"https:\/\/moeckernkiez-ev.de\/Wordpress_MK\/wp-json\/wp\/v2\/pages\/364\/revisions"}],"predecessor-version":[{"id":5654,"href":"https:\/\/moeckernkiez-ev.de\/Wordpress_MK\/wp-json\/wp\/v2\/pages\/364\/revisions\/5654"}],"wp:attachment":[{"href":"https:\/\/moeckernkiez-ev.de\/Wordpress_MK\/wp-json\/wp\/v2\/media?parent=364"}],"curies":[{"name":"wp","href":"https:\/\/api.w.org\/{rel}","templated":true}]}}