{"id":3699,"date":"2024-04-09T18:12:25","date_gmt":"2024-04-09T16:12:25","guid":{"rendered":"https:\/\/moeckernkiez-ev.de\/Wordpress_MK\/?page_id=3699"},"modified":"2025-06-24T13:44:40","modified_gmt":"2025-06-24T11:44:40","slug":"rikscha","status":"publish","type":"page","link":"https:\/\/moeckernkiez-ev.de\/Wordpress_MK\/rikscha\/","title":{"rendered":"Die M\u00f6ckernkiez-Rikscha: \u201eM\u00f6ckscha\u201c"},"content":{"rendered":"\n<h4 class=\"wp-block-heading\" id=\"rikschakalender\">Buchungskalender Rikscha<\/h4>\n\n\n<div id=\"eo_fullcalendar_1_loading\" class=\"eo-fullcalendar-loading\" ><img decoding=\"async\" src=\"https:\/\/moeckernkiez-ev.de\/Wordpress_MK\/wp-content\/plugins\/event-organiser\/css\/images\/loading-image.gif\" class=\"eo-fullcalendar-loading-icon\" alt=\"Laden&#8230;\" \/> Laden&#8230;<\/div><div class=\"eo-fullcalendar eo-fullcalendar-shortcode eo-fullcalendar-reset eo-fullcalendar-responsive\" id=\"eo_fullcalendar_1\"><\/div>\n\n\n\n<p><strong>Kalender-Farb-Legende:<\/strong><br>gr\u00fcn: Die Rikscha ist frei und es steht auch ein Fahrer zur Verf\u00fcgung<br>rot: Die Rikscha ist gebucht und steht an dem Tag nicht f\u00fcr weitere Buchungen zur Verf\u00fcgung<br>farblos\/hellgelb: Die Rikscha ist frei und kann angefragt werden <br>Orange: Es gibt eine Anfrage und es wird noch ein Fahrer gesucht<\/p>\n\n\n\n<h5 class=\"wp-block-heading has-medium-font-size\" id=\"anfragerikscha\"><strong>Anfrageformular<br>(Anfragen bitte mindestens 24 h vorher stellen&#8230; ;-))<br><\/strong><\/h5>\n\n\n\n<div class=\"wpcf7 no-js\" id=\"wpcf7-f7053-o1\" lang=\"de-DE\" dir=\"ltr\" data-wpcf7-id=\"7053\">\n<div class=\"screen-reader-response\"><p role=\"status\" aria-live=\"polite\" aria-atomic=\"true\"><\/p> <ul><\/ul><\/div>\n<form action=\"\/Wordpress_MK\/wp-json\/wp\/v2\/pages\/3699#wpcf7-f7053-o1\" method=\"post\" class=\"wpcf7-form init\" aria-label=\"Kontaktformular\" novalidate=\"novalidate\" data-status=\"init\">\n<fieldset class=\"hidden-fields-container\"><input type=\"hidden\" name=\"_wpcf7\" value=\"7053\" \/><input type=\"hidden\" name=\"_wpcf7_version\" value=\"6.1.5\" \/><input type=\"hidden\" name=\"_wpcf7_locale\" value=\"de_DE\" \/><input type=\"hidden\" name=\"_wpcf7_unit_tag\" value=\"wpcf7-f7053-o1\" \/><input type=\"hidden\" name=\"_wpcf7_container_post\" value=\"0\" \/><input type=\"hidden\" name=\"_wpcf7_posted_data_hash\" value=\"\" \/>\n<\/fieldset>\n<p><label> Name (Nachname, Vorname)<br \/>\n<span class=\"wpcf7-form-control-wrap\" data-name=\"dein-name\"><input size=\"40\" maxlength=\"400\" class=\"wpcf7-form-control wpcf7-text wpcf7-validates-as-required\" autocomplete=\"name\" aria-required=\"true\" aria-invalid=\"false\" value=\"\" type=\"text\" name=\"dein-name\" \/><\/span> <\/label>\n<\/p>\n<p><label> E-Mail-Adresse<br \/>\n<span class=\"wpcf7-form-control-wrap\" data-name=\"deine-email\"><input size=\"40\" maxlength=\"400\" class=\"wpcf7-form-control wpcf7-email wpcf7-validates-as-required wpcf7-text wpcf7-validates-as-email\" autocomplete=\"email\" aria-required=\"true\" aria-invalid=\"false\" value=\"\" type=\"email\" name=\"deine-email\" \/><\/span> <\/label>\n<\/p>\n<p><label> Telefonnummer<br \/>\n<span class=\"wpcf7-form-control-wrap\" data-name=\"deine-telefonnummer\"><input size=\"40\" maxlength=\"400\" class=\"wpcf7-form-control wpcf7-text wpcf7-validates-as-required\" aria-required=\"true\" aria-invalid=\"false\" value=\"\" type=\"text\" name=\"deine-telefonnummer\" \/><\/span> <\/label>\n<\/p>\n<p><label> Datum (Wann soll die Fahrt stattfinden)<br \/>\n<span class=\"wpcf7-form-control-wrap\" data-name=\"dein-datum\"><input class=\"wpcf7-form-control wpcf7-date wpcf7-validates-as-date\" max=\"2026-07-13\" aria-invalid=\"false\" value=\"2026-04-15\" type=\"date\" name=\"dein-datum\" \/><\/span> <\/label>\n<\/p>\n<p><label> Uhrzeit (Fahrtbeginn)<br \/>\n<span class=\"wpcf7-form-control-wrap\" data-name=\"deine-uhrzeit\"><input size=\"40\" maxlength=\"400\" class=\"wpcf7-form-control wpcf7-text wpcf7-validates-as-required\" aria-required=\"true\" aria-invalid=\"false\" value=\"\" type=\"text\" name=\"deine-uhrzeit\" \/><\/span> <\/label>\n<\/p>\n<p><label> Fahrziel<br \/>\n<span class=\"wpcf7-form-control-wrap\" data-name=\"dein-fahrziel\"><input size=\"40\" maxlength=\"400\" class=\"wpcf7-form-control wpcf7-text wpcf7-validates-as-required\" aria-required=\"true\" aria-invalid=\"false\" value=\"\" type=\"text\" name=\"dein-fahrziel\" \/><\/span> <\/label>\n<\/p>\n<p><label> Fahrstrecke (falls bekannt)<br \/>\n<span class=\"wpcf7-form-control-wrap\" data-name=\"deine-fahrstrecke\"><input size=\"40\" maxlength=\"400\" class=\"wpcf7-form-control wpcf7-text\" aria-invalid=\"false\" value=\"\" type=\"text\" name=\"deine-fahrstrecke\" \/><\/span> <\/label>\n<\/p>\n<p>Anzahl Fahr-G\u00e4ste<br \/>\n<span class=\"wpcf7-form-control-wrap\" data-name=\"anzahl-fahrgaeste\"><span class=\"wpcf7-form-control wpcf7-radio\"><span class=\"wpcf7-list-item first\"><label><span class=\"wpcf7-list-item-label\">Eine Person<\/span><input type=\"radio\" name=\"anzahl-fahrgaeste\" value=\"Eine Person\" checked=\"checked\" \/><\/label><\/span><span class=\"wpcf7-list-item last\"><label><span class=\"wpcf7-list-item-label\">Zwei Personen<\/span><input type=\"radio\" name=\"anzahl-fahrgaeste\" value=\"Zwei Personen\" \/><\/label><\/span><\/span><\/span>\n<\/p>\n<p>FahrerIn mit PilotInnen-Schein dabei?<br \/>\n<span class=\"wpcf7-form-control-wrap\" data-name=\"pilotdabei\"><span class=\"wpcf7-form-control wpcf7-radio\"><span class=\"wpcf7-list-item first\"><label><input type=\"radio\" name=\"pilotdabei\" value=\"ja\" \/><span class=\"wpcf7-list-item-label\">ja<\/span><\/label><\/span><span class=\"wpcf7-list-item last\"><label><input type=\"radio\" name=\"pilotdabei\" value=\"nein\" checked=\"checked\" \/><span class=\"wpcf7-list-item-label\">nein<\/span><\/label><\/span><\/span><\/span>\n<\/p>\n<p><label> Name der FahrerIn (Es gibt in jedem Haus ausgebildete PilotInnen, bitte fragt bei der Hausgruppe nach.)<br \/>\n<span class=\"wpcf7-form-control-wrap\" data-name=\"dein-fahrer\"><input size=\"40\" maxlength=\"400\" class=\"wpcf7-form-control wpcf7-text\" aria-invalid=\"false\" value=\"\" type=\"text\" name=\"dein-fahrer\" \/><\/span> <\/label>\n<\/p>\n<p><label> Bemerkungen<br \/>\n<span class=\"wpcf7-form-control-wrap\" data-name=\"bemerkung\"><input size=\"40\" maxlength=\"400\" class=\"wpcf7-form-control wpcf7-text\" aria-invalid=\"false\" value=\"\" type=\"text\" name=\"bemerkung\" \/><\/span> <\/label>\n<\/p>\n<p><div class=\"cf-turnstile\" data-sitekey=\"0x4AAAAAABdhmKXNcly34S58\"><\/div><span class=\"wpcf7-form-control-wrap\" data-name=\"c\"><input size=\"40\" maxlength=\"400\" class=\"wpcf7-form-control wpcf7-text\" aria-invalid=\"false\" value=\"\" type=\"text\" name=\"c\" \/><\/span>\n<\/p>\n<p><input class=\"wpcf7-form-control wpcf7-submit has-spinner\" type=\"submit\" value=\"Senden\" \/>\n<\/p><div class=\"wpcf7-response-output\" aria-hidden=\"true\"><\/div>\n<\/form>\n<\/div>\n\n\n\n\n<p class=\"has-medium-font-size\">Falls das Formular nicht funktioniert bitte Email an rikscha(at)moeckernkiez-ev.de<\/p>\n\n\n\n<h4 class=\"wp-block-heading\">Allgemeine Information zur Rikscha<\/h4>\n\n\n\n<p>Im M\u00f6ckernkiez gibt es eine Rikscha, genannt &#8218;M\u00f6ckscha&#8216;, die ausgeliehen werden kann (<a href=\"https:\/\/moeckernkiez-ev.de\/Wordpress_MK\/wp-content\/uploads\/2024\/07\/Flyer_Moeck_Rikscha_6.pdf\">Flyer<\/a>).<\/p>\n\n\n\n<p>Zur Erh\u00f6hung der Mobilit\u00e4t der im M\u00f6ckernkiez wohnenden Menschen mit Behinderung sowie der mobilit\u00e4tseingeschr\u00e4nkten BewohnerInnen des M\u00f6ckernkiez, hat der M\u00f6ckernKiez e.V. \u00fcber F\u00f6rdermittel der &#8218;Aktion Mensch&#8216; eine moderne E(lektrische)-Rikscha angeschafft. Dies wurde erm\u00f6glicht durch die enge Kooperation des M\u00f6ckernKiez e. V. mit dem <a href=\"http:\/\/www.ajb-berlin.de\">AJB e.V.<\/a>. Dieser betreut im M\u00f6ckernkiez zwei Jugend-WGs.<\/p>\n\n\n\n<p>Mit der Rikscha kann die Teilhabe am Leben sp\u00fcrbar erh\u00f6ht werden. Mit einem solchen Fahrzeug k\u00f6nnen nicht nur die n\u00e4heren Strecken rund um den M\u00f6ckernkiez gemeistert werden, mehr noch, es k\u00f6nnen ausgedehntere Fahrradausfl\u00fcge in die Stadt und die n\u00e4here, umliegende Natur unternommen werden (Reichweite: 20 &#8211; 60 km, je nach Trainingszustand des\/der Pilotin\/en).<\/p>\n\n\n\n<p>F\u00fcr die Menschen mit Behinderung oder sonstigen Einschr\u00e4nkungen, die nicht in der Lage sind selbst Rad zu fahren, gibt es die Rikscha. Diese darf allerdings ausschliesslich von eingewiesenen PilotInnen gefahren werden.<\/p>\n\n\n\n<p><a href=\"https:\/\/moeckernkiez-ev.de\/Wordpress_MK\/wp-content\/uploads\/2024\/07\/Einweisung_Rikscha_2.pdf\">Schulung <\/a>und Training zum Rikscha-Piloten d\u00fcrfen selbstverst\u00e4ndlich alle absolvieren die Lust darauf haben.<br>Wer erfolgreich das Training abschlie\u00dft, kann dann eine Rikscha mit (Fahr-)G\u00e4sten fahren.<\/p>\n\n\n\n<div class=\"wp-block-media-text is-stacked-on-mobile\" style=\"grid-template-columns:57% auto\"><figure class=\"wp-block-media-text__media\"><img loading=\"lazy\" decoding=\"async\" width=\"1024\" height=\"768\" src=\"https:\/\/moeckernkiez-ev.de\/Wordpress_MK\/wp-content\/uploads\/2024\/06\/RikschaPilotCharlotte-1024x768.jpg\" alt=\"\" class=\"wp-image-4302 size-full\" srcset=\"https:\/\/moeckernkiez-ev.de\/Wordpress_MK\/wp-content\/uploads\/2024\/06\/RikschaPilotCharlotte-1024x768.jpg 1024w, https:\/\/moeckernkiez-ev.de\/Wordpress_MK\/wp-content\/uploads\/2024\/06\/RikschaPilotCharlotte-300x225.jpg 300w, https:\/\/moeckernkiez-ev.de\/Wordpress_MK\/wp-content\/uploads\/2024\/06\/RikschaPilotCharlotte-768x576.jpg 768w, https:\/\/moeckernkiez-ev.de\/Wordpress_MK\/wp-content\/uploads\/2024\/06\/RikschaPilotCharlotte-1536x1152.jpg 1536w, https:\/\/moeckernkiez-ev.de\/Wordpress_MK\/wp-content\/uploads\/2024\/06\/RikschaPilotCharlotte-2048x1536.jpg 2048w, https:\/\/moeckernkiez-ev.de\/Wordpress_MK\/wp-content\/uploads\/2024\/06\/RikschaPilotCharlotte-1320x990.jpg 1320w\" sizes=\"auto, (max-width: 1024px) 100vw, 1024px\" \/><\/figure><div class=\"wp-block-media-text__content\">\n<p>In der Fahrrad-Rikscha k\u00f6nnen zwei Fahrg\u00e4ste mitgenommen werden. So sind gesellige Ausfahrten m\u00f6glich und die Fahrg\u00e4ste k\u00f6nnen sich wunderbar untereinander, gerne auch mit dem Fahrer austauschen. Die Fahrg\u00e4ste sind angeschnallt und so vor dem Rauskippen aus der Rikscha gesichert. Durch die elektrische Unterst\u00fctzung kommen die Rikschas auch bei voller Last (2 Personen mit Gep\u00e4ck), auf Wunsch und wenn es die Verh\u00e4ltnisse zulassen, z\u00fcgig voran.<br>Die <a href=\"#buchungskalenderrikscha\">Fahrrad-Rikscha<\/a> ist von dem holl\u00e4ndischen Unternehmen Van Raam und die aktuell wohl sicherste und f\u00fcr die Passagiere komfortabelste Rikscha auf dem Markt.<\/p>\n<\/div><\/div>\n\n\n\n<p>Der Verein sucht immer radbegeisterte freiwillige <a href=\"https:\/\/moeckernkiez-ev.de\/Wordpress_MK\/wp-content\/uploads\/2024\/07\/Info-fuer-RikschafahrerInnen.pdf\">Rikscha-FahrerInnen<\/a>, die gerne mit dem Fahrzeug Ausfahrten unternehmen wollen. Es macht Spa\u00df mit der elektrischen Rikscha zu fahren \u2013 und es macht Spa\u00df gefahren zu werden. Bei Interesse reicht eine kurze Email an <strong>rikscha(at)moeckernkiez-ev.de<\/strong>, dann vereinbaren wir einen Schulungstermin bzw. im Falle einer vorliegenden Einweisung kann reserviert werden.<\/p>\n\n\n\n<p>Der Verleih der Rikscha wird \u00fcber den M\u00f6ckernkiez-Verein organisiert und ist, abgesehen von den Betriebskosten f\u00fcr Versicherung, Akkustrom, Ersatzteile und sonstige Wartung, kostenlos. Im Akkuschrank steht eine Kasse, in welche die Nutzer gerne einen Beitrag entrichten k\u00f6nnen. Je nach Dauer der Nutzung und individuellen M\u00f6glichkeiten der Nutzer kann dies von 1 bis 20 Euro sein.<br>Die Pilot*innen machen ihren Job ehrenamtlich, m\u00fcssen \u00fcber die gute Unterhaltung, das Kennenlernen neuer Ziele und die Bewegung in der frischen Luft hinaus nicht noch weiter bedacht werden. \ud83d\ude09<\/p>\n\n\n\n<p>Wer sich gerne fahren lassen will, kann sich \u00fcber den <a href=\"#rikschakalender\">Rikscha-Kalender<\/a> informieren an welchen Tagen die Rikscha noch frei ist. Um die Rikscha anzufragen brauchen wir einige Angaben. Steht an dem gew\u00fcnschten Tag auch eine geschulte PilotIn zur Verf\u00fcgung, steht dem Ausflug nichts mehr im Wege.<br>Bei allen Fragen direkt an <strong>rikscha(at)moeckernkiez-ev.de<\/strong> wenden!<\/p>\n\n\n<div class=\"wp-block-image\">\n<figure class=\"alignright size-large is-resized\"><img loading=\"lazy\" decoding=\"async\" width=\"1024\" height=\"601\" src=\"https:\/\/moeckernkiez-ev.de\/Wordpress_MK\/wp-content\/uploads\/2024\/06\/Logo_AktionMensch-1024x601.png\" alt=\"\" class=\"wp-image-4406\" style=\"width:118px;height:auto\" srcset=\"https:\/\/moeckernkiez-ev.de\/Wordpress_MK\/wp-content\/uploads\/2024\/06\/Logo_AktionMensch-1024x601.png 1024w, https:\/\/moeckernkiez-ev.de\/Wordpress_MK\/wp-content\/uploads\/2024\/06\/Logo_AktionMensch-300x176.png 300w, https:\/\/moeckernkiez-ev.de\/Wordpress_MK\/wp-content\/uploads\/2024\/06\/Logo_AktionMensch-768x451.png 768w, https:\/\/moeckernkiez-ev.de\/Wordpress_MK\/wp-content\/uploads\/2024\/06\/Logo_AktionMensch.png 1181w\" sizes=\"auto, (max-width: 1024px) 100vw, 1024px\" \/><\/figure>\n<\/div>\n\n\n<p><br><\/p>\n\n\n\n<p><br><\/p>\n\n\n\n<p>\u00dcber unsere M\u00f6kscha hinaus sind wir in Kontakt zur <a href=\"https:\/\/moeckernkiez-ev.de\/Wordpress_MK\/2025\/06\/12\/flotte-berlin-e-v-stellt-sich-der-nachbarschaft-vor\/\" data-type=\"link\" data-id=\"https:\/\/moeckernkiez-ev.de\/Wordpress_MK\/2025\/06\/12\/flotte-berlin-e-v-stellt-sich-der-nachbarschaft-vor\/\" target=\"_blank\" rel=\"noreferrer noopener\">Flotte Berlin e. V.<\/a> die sich auch \u00fcber eine aktive Nutzung ihrer Fahrzeuge freut.<\/p>\n","protected":false},"excerpt":{"rendered":"<p>Buchungskalender Rikscha Kalender-Farb-Legende:gr\u00fcn: Die Rikscha ist frei und es steht auch ein Fahrer zur Verf\u00fcgungrot: Die Rikscha ist gebucht und steht an dem Tag nicht f\u00fcr weitere Buchungen zur Verf\u00fcgungfarblos\/hellgelb: Die Rikscha ist frei und kann angefragt werden Orange: Es gibt eine Anfrage und es wird noch ein Fahrer gesucht Anfrageformular(Anfragen bitte mindestens 24 h &#8230; <\/p>\n<p class=\"read-more-container\"><a title=\"Die M\u00f6ckernkiez-Rikscha: \u201eM\u00f6ckscha\u201c\" class=\"read-more button\" href=\"https:\/\/moeckernkiez-ev.de\/Wordpress_MK\/rikscha\/#more-3699\" aria-label=\"Mehr Informationen \u00fcber Die M\u00f6ckernkiez-Rikscha: \u201eM\u00f6ckscha\u201c\">Beitrag lesen<\/a><\/p>\n","protected":false},"author":4,"featured_media":0,"parent":0,"menu_order":0,"comment_status":"closed","ping_status":"closed","template":"","meta":{"footnotes":""},"class_list":["post-3699","page","type-page","status-publish"],"publishpress_future_action":{"enabled":false,"date":"2026-04-21 16:54:35","action":"change-status","newStatus":"draft","terms":[],"taxonomy":"","extraData":[]},"publishpress_future_workflow_manual_trigger":{"enabledWorkflows":[]},"_links":{"self":[{"href":"https:\/\/moeckernkiez-ev.de\/Wordpress_MK\/wp-json\/wp\/v2\/pages\/3699","targetHints":{"allow":["GET"]}}],"collection":[{"href":"https:\/\/moeckernkiez-ev.de\/Wordpress_MK\/wp-json\/wp\/v2\/pages"}],"about":[{"href":"https:\/\/moeckernkiez-ev.de\/Wordpress_MK\/wp-json\/wp\/v2\/types\/page"}],"author":[{"embeddable":true,"href":"https:\/\/moeckernkiez-ev.de\/Wordpress_MK\/wp-json\/wp\/v2\/users\/4"}],"replies":[{"embeddable":true,"href":"https:\/\/moeckernkiez-ev.de\/Wordpress_MK\/wp-json\/wp\/v2\/comments?post=3699"}],"version-history":[{"count":38,"href":"https:\/\/moeckernkiez-ev.de\/Wordpress_MK\/wp-json\/wp\/v2\/pages\/3699\/revisions"}],"predecessor-version":[{"id":7824,"href":"https:\/\/moeckernkiez-ev.de\/Wordpress_MK\/wp-json\/wp\/v2\/pages\/3699\/revisions\/7824"}],"wp:attachment":[{"href":"https:\/\/moeckernkiez-ev.de\/Wordpress_MK\/wp-json\/wp\/v2\/media?parent=3699"}],"curies":[{"name":"wp","href":"https:\/\/api.w.org\/{rel}","templated":true}]}}