{"id":40,"date":"2022-12-09T09:32:29","date_gmt":"2022-12-09T08:32:29","guid":{"rendered":"http:\/\/localhost:8888\/?page_id=40"},"modified":"2026-02-11T12:48:07","modified_gmt":"2026-02-11T11:48:07","slug":"werkraum","status":"publish","type":"page","link":"https:\/\/moeckernkiez-ev.de\/Wordpress_MK\/werkraum\/","title":{"rendered":"Werkraum"},"content":{"rendered":"\n<div class=\"wp-block-media-text alignwide is-stacked-on-mobile\" style=\"grid-template-columns:42% auto\"><figure class=\"wp-block-media-text__media\"><img loading=\"lazy\" decoding=\"async\" width=\"1024\" height=\"415\" src=\"https:\/\/moeckernkiez-ev.de\/Wordpress_MK\/wp-content\/uploads\/2023\/03\/Tuerschild-Werkraum-1024x415.jpg\" alt=\"\" class=\"wp-image-1207 size-full\" srcset=\"https:\/\/moeckernkiez-ev.de\/Wordpress_MK\/wp-content\/uploads\/2023\/03\/Tuerschild-Werkraum-1024x415.jpg 1024w, https:\/\/moeckernkiez-ev.de\/Wordpress_MK\/wp-content\/uploads\/2023\/03\/Tuerschild-Werkraum-300x122.jpg 300w, https:\/\/moeckernkiez-ev.de\/Wordpress_MK\/wp-content\/uploads\/2023\/03\/Tuerschild-Werkraum-768x312.jpg 768w, https:\/\/moeckernkiez-ev.de\/Wordpress_MK\/wp-content\/uploads\/2023\/03\/Tuerschild-Werkraum-1320x536.jpg 1320w, https:\/\/moeckernkiez-ev.de\/Wordpress_MK\/wp-content\/uploads\/2023\/03\/Tuerschild-Werkraum.jpg 1533w\" sizes=\"auto, (max-width: 1024px) 100vw, 1024px\" \/><\/figure><div class=\"wp-block-media-text__content\">\n<p>Der Werkraum wird von der <br>AG Werkraum des M\u00f6ckernkiez e.V. betrieben und befindet sich neben der <strong>Paketstation (M\u00f6ckernkiez 1 \/ Yorckstrasse 26 &#8211; Treppe hinan neben dem Aufzug<\/strong>).<\/p>\n<\/div><\/div>\n\n\n\n<p>Kontakt: <a href=\"mailto:werkraum@moeckernkiez-ev.de\">werkraum@moeckernkiez-ev.de<\/a><\/p>\n\n\n\n<p>Zu den in der unten stehenden Tabelle angegebenen Zeiten ist der Werkraum ge\u00f6ffnet bzw. es finden regelm\u00e4\u00dfige Aktivit\u00e4ten statt. Der Werkraum kann dar\u00fcber hinaus \u00fcber die Raumverwaltung f\u00fcr Arbeitstreffen angefragt werden.<\/p>\n\n\n\n<h4 class=\"wp-block-heading\" id=\"WerkraumOeffnungszeiten\">\u00dcbersicht &#8211; \u00d6ffnungszeiten<\/h4>\n\n\n\n<figure class=\"wp-block-table alignwide is-style-regular\"><table><tbody><tr><td><strong>Montag<\/strong><\/td><td><\/td><\/tr><tr><td>16:00 &#8211; 17:30<\/td><td><a href=\"#linux-sprechstunde\">Win10\/Linux-Sprechstunde<\/a><\/td><\/tr><tr><td>17:30 &#8211; 19:00<\/td><td><a href=\"#computersprechstunde\" data-type=\"internal\" data-id=\"#computersprechstunde\">Computersprechstunde<\/a><\/td><\/tr><tr><td><strong>Dienstag<\/strong><\/td><td><\/td><\/tr><tr><td>17:00 &#8211; 19:00<br><br>16:30 &#8211; 18:30 <br><br><br>19:00-22:00<\/td><td><a href=\"#Textilgruppe\" data-type=\"internal\" data-id=\"#Textilgruppe\">Textilgruppe<\/a> (alle 14 Tage in den geraden KW)<br><br>Fahrradgruppe (alle 14 Tage in den ungeraden KW<br>Zur Zeit WINTERPAUSE bis Ostern 2026)<br><br><a href=\"#malgruppe\">Malgruppe<\/a> (alle 14 Tage in den ungeraden KW)<\/td><\/tr><tr><td><strong>Donnerstag<\/strong><\/td><td><\/td><\/tr><tr><td>16:00-18:00<\/td><td><a href=\"#Reparaturgruppe\" data-type=\"internal\" data-id=\"#Reparaturgruppe\">Reparaturgruppe<\/a> &#8211; vornehmlich Elektrik und Elektronik.<br>(Holzarbeiten sind in diesem Zeitraum wegen erh\u00f6hter<br>Staubbelastung nicht m\u00f6glich!)<\/td><\/tr><tr><td><strong>Samstag<\/strong><\/td><td><\/td><\/tr><tr><td>10:15-13:00<\/td><td><a href=\"#werken-basteln-reparieren\">Werken, Basteln, Reparieren<\/a><\/td><\/tr><\/tbody><\/table><\/figure>\n\n\n\n<p>\u00c4nderungen der \u00d6ffnungszeiten sowie weitere Informationen sind auch stets aktuell an der T\u00fcr zum Werkraum angegeben.<\/p>\n\n\n\n<h4 class=\"wp-block-heading\" id=\"werken-basteln-reparieren\">Werken, Basteln und Reparieren<\/h4>\n\n\n\n<p><strong>Samstags von 10:15 \u2013 13 Uhr<\/strong><br><\/p>\n\n\n\n<figure class=\"wp-block-gallery has-nested-images columns-4 is-cropped wp-block-gallery-1 is-layout-flex wp-block-gallery-is-layout-flex\">\n<figure class=\"wp-block-image size-thumbnail\"><img loading=\"lazy\" decoding=\"async\" width=\"150\" height=\"150\" data-id=\"119\" src=\"test.moeckernkiez-ev.dewp-content\/uploads\/2022\/12\/Werkraum-Werkzeug-150x150.jpg\" alt=\"Werkzeuge im Werkraum\" class=\"wp-image-119\" srcset=\"https:\/\/moeckernkiez-ev.de\/Wordpress_MK\/wp-content\/uploads\/2022\/12\/Werkraum-Werkzeug-150x150.jpg 150w, https:\/\/moeckernkiez-ev.de\/Wordpress_MK\/wp-content\/uploads\/2022\/12\/Werkraum-Werkzeug-300x300.jpg 300w, https:\/\/moeckernkiez-ev.de\/Wordpress_MK\/wp-content\/uploads\/2022\/12\/Werkraum-Werkzeug-1024x1024.jpg 1024w, https:\/\/moeckernkiez-ev.de\/Wordpress_MK\/wp-content\/uploads\/2022\/12\/Werkraum-Werkzeug-768x768.jpg 768w, https:\/\/moeckernkiez-ev.de\/Wordpress_MK\/wp-content\/uploads\/2022\/12\/Werkraum-Werkzeug-1536x1536.jpg 1536w, https:\/\/moeckernkiez-ev.de\/Wordpress_MK\/wp-content\/uploads\/2022\/12\/Werkraum-Werkzeug-2048x2048.jpg 2048w, https:\/\/moeckernkiez-ev.de\/Wordpress_MK\/wp-content\/uploads\/2022\/12\/Werkraum-Werkzeug-1320x1320.jpg 1320w\" sizes=\"auto, (max-width: 150px) 100vw, 150px\" \/><figcaption class=\"wp-element-caption\">Werkzeuge <\/figcaption><\/figure>\n\n\n\n<figure class=\"wp-block-image size-thumbnail\"><img loading=\"lazy\" decoding=\"async\" width=\"150\" height=\"150\" data-id=\"120\" src=\"test.moeckernkiez-ev.dewp-content\/uploads\/2022\/12\/Werkraum-Schraubzwingen-150x150.jpg\" alt=\"Werkraum Schraubzwingen\" class=\"wp-image-120\" srcset=\"https:\/\/moeckernkiez-ev.de\/Wordpress_MK\/wp-content\/uploads\/2022\/12\/Werkraum-Schraubzwingen-150x150.jpg 150w, https:\/\/moeckernkiez-ev.de\/Wordpress_MK\/wp-content\/uploads\/2022\/12\/Werkraum-Schraubzwingen-300x300.jpg 300w, https:\/\/moeckernkiez-ev.de\/Wordpress_MK\/wp-content\/uploads\/2022\/12\/Werkraum-Schraubzwingen-1024x1024.jpg 1024w, https:\/\/moeckernkiez-ev.de\/Wordpress_MK\/wp-content\/uploads\/2022\/12\/Werkraum-Schraubzwingen-768x768.jpg 768w, https:\/\/moeckernkiez-ev.de\/Wordpress_MK\/wp-content\/uploads\/2022\/12\/Werkraum-Schraubzwingen-1536x1536.jpg 1536w, https:\/\/moeckernkiez-ev.de\/Wordpress_MK\/wp-content\/uploads\/2022\/12\/Werkraum-Schraubzwingen-2048x2048.jpg 2048w, https:\/\/moeckernkiez-ev.de\/Wordpress_MK\/wp-content\/uploads\/2022\/12\/Werkraum-Schraubzwingen-1320x1320.jpg 1320w\" sizes=\"auto, (max-width: 150px) 100vw, 150px\" \/><figcaption class=\"wp-element-caption\">Werkraum<\/figcaption><\/figure>\n\n\n\n<figure class=\"wp-block-image size-full is-style-default\"><img loading=\"lazy\" decoding=\"async\" width=\"480\" height=\"480\" data-id=\"1789\" src=\"https:\/\/moeckernkiez-ev.de\/Wordpress_MK\/wp-content\/uploads\/2023\/06\/Kreissaege-e1686733459104.jpg\" alt=\"\" class=\"wp-image-1789\" srcset=\"https:\/\/moeckernkiez-ev.de\/Wordpress_MK\/wp-content\/uploads\/2023\/06\/Kreissaege-e1686733459104.jpg 480w, https:\/\/moeckernkiez-ev.de\/Wordpress_MK\/wp-content\/uploads\/2023\/06\/Kreissaege-e1686733459104-300x300.jpg 300w, https:\/\/moeckernkiez-ev.de\/Wordpress_MK\/wp-content\/uploads\/2023\/06\/Kreissaege-e1686733459104-150x150.jpg 150w\" sizes=\"auto, (max-width: 480px) 100vw, 480px\" \/><figcaption class=\"wp-element-caption\">Kreiss\u00e4ge<\/figcaption><\/figure>\n\n\n\n<figure class=\"wp-block-image size-thumbnail\"><img loading=\"lazy\" decoding=\"async\" width=\"150\" height=\"150\" data-id=\"121\" src=\"test.moeckernkiez-ev.dewp-content\/uploads\/2022\/12\/Werkraum-Schraubstock-150x150.jpg\" alt=\"Schraubstock\" class=\"wp-image-121\" srcset=\"https:\/\/moeckernkiez-ev.de\/Wordpress_MK\/wp-content\/uploads\/2022\/12\/Werkraum-Schraubstock-150x150.jpg 150w, https:\/\/moeckernkiez-ev.de\/Wordpress_MK\/wp-content\/uploads\/2022\/12\/Werkraum-Schraubstock-300x300.jpg 300w, https:\/\/moeckernkiez-ev.de\/Wordpress_MK\/wp-content\/uploads\/2022\/12\/Werkraum-Schraubstock-1024x1024.jpg 1024w, https:\/\/moeckernkiez-ev.de\/Wordpress_MK\/wp-content\/uploads\/2022\/12\/Werkraum-Schraubstock-768x768.jpg 768w, https:\/\/moeckernkiez-ev.de\/Wordpress_MK\/wp-content\/uploads\/2022\/12\/Werkraum-Schraubstock-1536x1536.jpg 1536w, https:\/\/moeckernkiez-ev.de\/Wordpress_MK\/wp-content\/uploads\/2022\/12\/Werkraum-Schraubstock-2048x2048.jpg 2048w, https:\/\/moeckernkiez-ev.de\/Wordpress_MK\/wp-content\/uploads\/2022\/12\/Werkraum-Schraubstock-1320x1320.jpg 1320w\" sizes=\"auto, (max-width: 150px) 100vw, 150px\" \/><figcaption class=\"wp-element-caption\">Schraubstock<\/figcaption><\/figure>\n<\/figure>\n\n\n\n<p><\/p>\n\n\n\n<p>Am Samstag werden von der AG Werkraum im Wesentlichen Holz-, Metall- und Elektroarbeiten in Selbsthilfe mit Know How von Ehrenamtlichen unterst\u00fctzt.<br>F\u00fcr dieses Zeitfenster konnte zus\u00e4tzlich ein pensionierter Tischler aus der Nachbarschaft gewonnen werden, der zeitweise unterst\u00fctzt.<\/p>\n\n\n\n<p>Weiters wird Elektroschrott zum Recycling entgegengenommen. Da auch viele funktionsf\u00e4hige Ger\u00e4te bei uns abgegeben werden, k\u00fcmmern wir uns darum, diese weiterzugeben. Diese Ger\u00e4te werden (gegebenenfalls nach einer Reparatur) gegen eine Spende, auch nach einem Inserat auf einer Internetplattform, abgegeben.<\/p>\n\n\n\n<p>Dar\u00fcber hinaus steht der Werkraum au\u00dferhalb der regul\u00e4ren \u00d6ffnungszeiten nach Absprache zur Verf\u00fcgung, was z. B. bei langen oder lauten Arbeiten sowie auch f\u00fcr leise, k\u00fcnstlerische T\u00e4tigkeit genutzt werden kann.<\/p>\n\n\n\n<p>Grunds\u00e4tzlich besteht die M\u00f6glichkeit, Werkzeuge und Maschinen f\u00fcr Arbeiten zu Hause auszuleihen.<\/p>\n\n\n\n<h4 class=\"wp-block-heading\">Reparieren<\/h4>\n\n\n\n<div class=\"wp-block-media-text alignwide is-stacked-on-mobile\" style=\"grid-template-columns:20% auto\"><figure class=\"wp-block-media-text__media\"><img loading=\"lazy\" decoding=\"async\" width=\"768\" height=\"1024\" src=\"https:\/\/moeckernkiez-ev.de\/Wordpress_MK\/wp-content\/uploads\/2022\/12\/Werkraum-Staubsagerreparatur-768x1024.jpg\" alt=\"\" class=\"wp-image-128 size-full\" srcset=\"https:\/\/moeckernkiez-ev.de\/Wordpress_MK\/wp-content\/uploads\/2022\/12\/Werkraum-Staubsagerreparatur-768x1024.jpg 768w, https:\/\/moeckernkiez-ev.de\/Wordpress_MK\/wp-content\/uploads\/2022\/12\/Werkraum-Staubsagerreparatur-225x300.jpg 225w, https:\/\/moeckernkiez-ev.de\/Wordpress_MK\/wp-content\/uploads\/2022\/12\/Werkraum-Staubsagerreparatur-1152x1536.jpg 1152w, https:\/\/moeckernkiez-ev.de\/Wordpress_MK\/wp-content\/uploads\/2022\/12\/Werkraum-Staubsagerreparatur-1536x2048.jpg 1536w, https:\/\/moeckernkiez-ev.de\/Wordpress_MK\/wp-content\/uploads\/2022\/12\/Werkraum-Staubsagerreparatur-1320x1760.jpg 1320w, https:\/\/moeckernkiez-ev.de\/Wordpress_MK\/wp-content\/uploads\/2022\/12\/Werkraum-Staubsagerreparatur-scaled.jpg 1920w\" sizes=\"auto, (max-width: 768px) 100vw, 768px\" \/><\/figure><div class=\"wp-block-media-text__content\">\n<p>Defekte Elektroger\u00e4te wie Staubsauger, Lampen, Radios, HiFi-Ger\u00e4te, Wasserkocher, F\u00f6n, Toaster etc. versuchen wir zu reparieren (was uns oft auch gelingt). Der abgebildete defekte Staubsauger wurde auseinandergenommen, der Fehler konnte gefunden werden. Daraufhin wurde alles wieder zusammen mit der Besitzerin des Staubsaugers zusammenbaut.<\/p>\n\n\n\n<p>Unter Anleitung kundiger Helfer:innen k\u00f6nnen Gebrauchsgegenst\u00e4nde repariert werden wie in einem Repair-Caf\u00e9. Im Werkraum ist Werkzeug und Material f\u00fcr alle m\u00f6glichen Reparaturen vorhanden, z. B. f\u00fcr Kleidung, M\u00f6bel, elektrische Ger\u00e4te, Fahrr\u00e4der, Spielzeug und vieles mehr. Zu diesem Zweck gibt es zus\u00e4tzlich die<\/p>\n<\/div><\/div>\n\n\n\n<h2 class=\"wp-block-heading\" id=\"Reparaturgruppe\">Reparaturgruppe<\/h2>\n\n\n\n<p><strong>Donnerstags von 16 \u2013 18 Uhr<\/strong><\/p>\n\n\n\n<h4 class=\"wp-block-heading\">Entsorgung<\/h4>\n\n\n\n<div class=\"wp-block-media-text alignwide is-stacked-on-mobile\" style=\"grid-template-columns:16% auto\"><figure class=\"wp-block-media-text__media\"><img loading=\"lazy\" decoding=\"async\" width=\"1024\" height=\"1024\" src=\"test.moeckernkiez-ev.dewp-content\/uploads\/2022\/12\/Werkraum-Schrottsammlung-1024x1024.jpg\" alt=\"\" class=\"wp-image-122 size-full\" srcset=\"https:\/\/moeckernkiez-ev.de\/Wordpress_MK\/wp-content\/uploads\/2022\/12\/Werkraum-Schrottsammlung-1024x1024.jpg 1024w, https:\/\/moeckernkiez-ev.de\/Wordpress_MK\/wp-content\/uploads\/2022\/12\/Werkraum-Schrottsammlung-300x300.jpg 300w, https:\/\/moeckernkiez-ev.de\/Wordpress_MK\/wp-content\/uploads\/2022\/12\/Werkraum-Schrottsammlung-150x150.jpg 150w, https:\/\/moeckernkiez-ev.de\/Wordpress_MK\/wp-content\/uploads\/2022\/12\/Werkraum-Schrottsammlung-768x768.jpg 768w, https:\/\/moeckernkiez-ev.de\/Wordpress_MK\/wp-content\/uploads\/2022\/12\/Werkraum-Schrottsammlung-1536x1536.jpg 1536w, https:\/\/moeckernkiez-ev.de\/Wordpress_MK\/wp-content\/uploads\/2022\/12\/Werkraum-Schrottsammlung-2048x2048.jpg 2048w, https:\/\/moeckernkiez-ev.de\/Wordpress_MK\/wp-content\/uploads\/2022\/12\/Werkraum-Schrottsammlung-1320x1320.jpg 1320w\" sizes=\"auto, (max-width: 1024px) 100vw, 1024px\" \/><\/figure><div class=\"wp-block-media-text__content\">\n<p>Handlicher Elektroschrott, Akkus und Batterien, CD und DVD, Druckerpatronen und -kartuschen, Lampen sowie Korken k\u00f6nnen im Werkraum abgegeben werden und werden dann fachgerecht bei der BSR entsorgt.<\/p>\n<\/div><\/div>\n\n\n\n<p><br><\/p>\n\n\n\n<h2 class=\"wp-block-heading\" id=\"Textilgruppe\">Textilgruppe<\/h2>\n\n\n\n<p><strong>Dienstags von 17 \u2013 19 Uhr<\/strong><br><br>Hast Du ein N\u00e4hprojekt?<br>Wir leisten Hilfe zur Selbsthilfe.<\/p>\n\n\n\n<p>Wir haben N\u00e4hmaschinen, B\u00fcgeleisen, einen gro\u00dfen Zuschneidetisch und diverse Hilfsmittel.<\/p>\n\n\n\n<figure class=\"wp-block-gallery has-nested-images columns-default is-cropped wp-block-gallery-2 is-layout-flex wp-block-gallery-is-layout-flex\">\n<figure class=\"wp-block-image size-large\"><img loading=\"lazy\" decoding=\"async\" width=\"1024\" height=\"1024\" data-id=\"110\" src=\"test.moeckernkiez-ev.dewp-content\/uploads\/2022\/12\/Textilwerkstatt-Schubladen-1024x1024.jpg\" alt=\"\" class=\"wp-image-110\" srcset=\"https:\/\/moeckernkiez-ev.de\/Wordpress_MK\/wp-content\/uploads\/2022\/12\/Textilwerkstatt-Schubladen-1024x1024.jpg 1024w, https:\/\/moeckernkiez-ev.de\/Wordpress_MK\/wp-content\/uploads\/2022\/12\/Textilwerkstatt-Schubladen-300x300.jpg 300w, https:\/\/moeckernkiez-ev.de\/Wordpress_MK\/wp-content\/uploads\/2022\/12\/Textilwerkstatt-Schubladen-150x150.jpg 150w, https:\/\/moeckernkiez-ev.de\/Wordpress_MK\/wp-content\/uploads\/2022\/12\/Textilwerkstatt-Schubladen-768x768.jpg 768w, https:\/\/moeckernkiez-ev.de\/Wordpress_MK\/wp-content\/uploads\/2022\/12\/Textilwerkstatt-Schubladen-1536x1536.jpg 1536w, https:\/\/moeckernkiez-ev.de\/Wordpress_MK\/wp-content\/uploads\/2022\/12\/Textilwerkstatt-Schubladen-2048x2048.jpg 2048w, https:\/\/moeckernkiez-ev.de\/Wordpress_MK\/wp-content\/uploads\/2022\/12\/Textilwerkstatt-Schubladen-1320x1320.jpg 1320w\" sizes=\"auto, (max-width: 1024px) 100vw, 1024px\" \/><figcaption class=\"wp-element-caption\">Alles da<\/figcaption><\/figure>\n\n\n\n<figure class=\"wp-block-image size-large\"><img loading=\"lazy\" decoding=\"async\" width=\"1024\" height=\"1024\" data-id=\"111\" src=\"test.moeckernkiez-ev.dewp-content\/uploads\/2022\/12\/Textilwerkstatt-Stoffe-1024x1024.jpg\" alt=\"\" class=\"wp-image-111\" srcset=\"https:\/\/moeckernkiez-ev.de\/Wordpress_MK\/wp-content\/uploads\/2022\/12\/Textilwerkstatt-Stoffe-1024x1024.jpg 1024w, https:\/\/moeckernkiez-ev.de\/Wordpress_MK\/wp-content\/uploads\/2022\/12\/Textilwerkstatt-Stoffe-300x300.jpg 300w, https:\/\/moeckernkiez-ev.de\/Wordpress_MK\/wp-content\/uploads\/2022\/12\/Textilwerkstatt-Stoffe-150x150.jpg 150w, https:\/\/moeckernkiez-ev.de\/Wordpress_MK\/wp-content\/uploads\/2022\/12\/Textilwerkstatt-Stoffe-768x768.jpg 768w, https:\/\/moeckernkiez-ev.de\/Wordpress_MK\/wp-content\/uploads\/2022\/12\/Textilwerkstatt-Stoffe-1536x1536.jpg 1536w, https:\/\/moeckernkiez-ev.de\/Wordpress_MK\/wp-content\/uploads\/2022\/12\/Textilwerkstatt-Stoffe-2048x2048.jpg 2048w, https:\/\/moeckernkiez-ev.de\/Wordpress_MK\/wp-content\/uploads\/2022\/12\/Textilwerkstatt-Stoffe-1320x1320.jpg 1320w\" sizes=\"auto, (max-width: 1024px) 100vw, 1024px\" \/><figcaption class=\"wp-element-caption\">Stoffe<\/figcaption><\/figure>\n\n\n\n<figure class=\"wp-block-image size-large\"><img loading=\"lazy\" decoding=\"async\" width=\"1024\" height=\"1024\" data-id=\"112\" src=\"test.moeckernkiez-ev.dewp-content\/uploads\/2022\/12\/Textilwerkstatt-Regal-1024x1024.jpg\" alt=\"\" class=\"wp-image-112\" srcset=\"https:\/\/moeckernkiez-ev.de\/Wordpress_MK\/wp-content\/uploads\/2022\/12\/Textilwerkstatt-Regal-1024x1024.jpg 1024w, https:\/\/moeckernkiez-ev.de\/Wordpress_MK\/wp-content\/uploads\/2022\/12\/Textilwerkstatt-Regal-300x300.jpg 300w, https:\/\/moeckernkiez-ev.de\/Wordpress_MK\/wp-content\/uploads\/2022\/12\/Textilwerkstatt-Regal-150x150.jpg 150w, https:\/\/moeckernkiez-ev.de\/Wordpress_MK\/wp-content\/uploads\/2022\/12\/Textilwerkstatt-Regal-768x768.jpg 768w, https:\/\/moeckernkiez-ev.de\/Wordpress_MK\/wp-content\/uploads\/2022\/12\/Textilwerkstatt-Regal-1536x1536.jpg 1536w, https:\/\/moeckernkiez-ev.de\/Wordpress_MK\/wp-content\/uploads\/2022\/12\/Textilwerkstatt-Regal-2048x2048.jpg 2048w, https:\/\/moeckernkiez-ev.de\/Wordpress_MK\/wp-content\/uploads\/2022\/12\/Textilwerkstatt-Regal-1320x1320.jpg 1320w\" sizes=\"auto, (max-width: 1024px) 100vw, 1024px\" \/><figcaption class=\"wp-element-caption\">Anleitungen<\/figcaption><\/figure>\n<\/figure>\n\n\n\n<p>Du kannst bei uns:<\/p>\n\n\n\n<ul class=\"wp-block-list\">\n<li>Hilfe beim Ma\u00dfnehmen, Zuschneiden und Anprobieren bekommen<\/li>\n\n\n\n<li>kleine und gro\u00dfe \u00c4nderungen durchf\u00fchren<\/li>\n\n\n\n<li>besch\u00e4digte Kleidung ausbessern, Socken stopfen, Rei\u00dfverschl\u00fcsse ersetzen u.v.m.<\/li>\n\n\n\n<li>gro\u00dfe Stoffbahnen bearbeiten<\/li>\n\n\n\n<li>h\u00e4keln oder stricken<\/li>\n<\/ul>\n\n\n\n<p>Kurz: Dein N\u00e4h- oder Textilprojekt realisieren!<br>Bringe Dein Material mit (ggf. haben wir auch einiges da).<\/p>\n\n\n\n<p><strong>Wir freuen uns auf Euch! <\/strong>Das Team der Textilgruppe<\/p>\n\n\n\n<h2 class=\"wp-block-heading\" id=\"malgruppe\">Malgruppe<\/h2>\n\n\n\n<p><strong>Dienstags von 19 \u2013 22 Uhr<\/strong><\/p>\n\n\n\n<figure class=\"wp-block-gallery has-nested-images columns-default is-cropped wp-block-gallery-3 is-layout-flex wp-block-gallery-is-layout-flex\">\n<figure class=\"wp-block-image size-large\"><img loading=\"lazy\" decoding=\"async\" width=\"313\" height=\"418\" data-id=\"1458\" src=\"https:\/\/moeckernkiez-ev.de\/Wordpress_MK\/wp-content\/uploads\/2023\/03\/357F3CE6F3A04115B1AC021198079494-min.jpg\" alt=\"\" class=\"wp-image-1458\" srcset=\"https:\/\/moeckernkiez-ev.de\/Wordpress_MK\/wp-content\/uploads\/2023\/03\/357F3CE6F3A04115B1AC021198079494-min.jpg 313w, https:\/\/moeckernkiez-ev.de\/Wordpress_MK\/wp-content\/uploads\/2023\/03\/357F3CE6F3A04115B1AC021198079494-min-225x300.jpg 225w\" sizes=\"auto, (max-width: 313px) 100vw, 313px\" \/><\/figure>\n\n\n\n<figure class=\"wp-block-image size-large\"><img loading=\"lazy\" decoding=\"async\" width=\"310\" height=\"414\" data-id=\"1456\" src=\"https:\/\/moeckernkiez-ev.de\/Wordpress_MK\/wp-content\/uploads\/2023\/03\/654DD497598F4A12A2D7C3C903E48FFA-min.jpg\" alt=\"\" class=\"wp-image-1456\" srcset=\"https:\/\/moeckernkiez-ev.de\/Wordpress_MK\/wp-content\/uploads\/2023\/03\/654DD497598F4A12A2D7C3C903E48FFA-min.jpg 310w, https:\/\/moeckernkiez-ev.de\/Wordpress_MK\/wp-content\/uploads\/2023\/03\/654DD497598F4A12A2D7C3C903E48FFA-min-225x300.jpg 225w\" sizes=\"auto, (max-width: 310px) 100vw, 310px\" \/><\/figure>\n\n\n\n<figure class=\"wp-block-image size-large\"><img loading=\"lazy\" decoding=\"async\" width=\"400\" height=\"300\" data-id=\"1457\" src=\"https:\/\/moeckernkiez-ev.de\/Wordpress_MK\/wp-content\/uploads\/2023\/03\/F9310EDF4CCB47BAB5DE8011645B09B3-min.jpg\" alt=\"\" class=\"wp-image-1457\" srcset=\"https:\/\/moeckernkiez-ev.de\/Wordpress_MK\/wp-content\/uploads\/2023\/03\/F9310EDF4CCB47BAB5DE8011645B09B3-min.jpg 400w, https:\/\/moeckernkiez-ev.de\/Wordpress_MK\/wp-content\/uploads\/2023\/03\/F9310EDF4CCB47BAB5DE8011645B09B3-min-300x225.jpg 300w\" sizes=\"auto, (max-width: 400px) 100vw, 400px\" \/><\/figure>\n<\/figure>\n\n\n\n<p>Wir sind zwar eine feste Gruppe und m\u00f6chten nicht mehr als 6-7 Teilnehmer:innen werden, um genug Platz auf den Tischen und an der Malwand zu haben. Es gibt aber eine gewisse Fluktuation und wer m\u00f6chte, kann gern einsteigen!<br>Wir bringen unser Papier, Farben, Collagenmaterial etc. mit und arbeiten frei ohne Thema und Anleitung. Probieren aus, schauen uns die Arbeiten der anderen an, geben uns Feedback, Tipps und Ideen, haben vielleicht auch was dabei, was man gerade gut gebrauchen kann \u2026<br>Keine Scheu, es ist keine Vorerfahrung n\u00f6tig, nur Lust und Laune. Bei Interesse gerne einfach vorbeikommen!<\/p>\n\n\n\n<h2 class=\"wp-block-heading\" id=\"computersprechstunde\">Computersprechstunde<\/h2>\n\n\n\n<p><strong>Montags von 17:30 bis 19:00 Uhr.<\/strong><br>Hilfe zur Selbsthilfe f\u00fcr Computer und Smartphone<br>Hier stehen hilfsbereite Mitbewohner*innen ehrenamtlich zur Beratung zur Verf\u00fcgung.<\/p>\n\n\n\n<h2 class=\"wp-block-heading\" id=\"linux-sprechstunde\">Win10\/Linux-Sprechstunde<\/h2>\n\n\n\n<p><strong>Montags von 16:00 bis <strong>17:30<\/strong> Uhr<\/strong><\/p>\n\n\n\n<p>Angebot zu folgenden Themen:<\/p>\n\n\n\n<ul class=\"wp-block-list\">\n<li>Win10 \/ Win11 oder MacOS zu Linux wechseln<\/li>\n\n\n\n<li>Datensicherung<\/li>\n\n\n\n<li>Installation von Linux<\/li>\n\n\n\n<li>Einrichten von Linux<\/li>\n\n\n\n<li>Installieren von zus\u00e4tzlichen Programmen wie Browser und Mailprogramm (bspw. Morzilla)<\/li>\n\n\n\n<li>Ausprobieren von Linux<\/li>\n\n\n\n<li>Ausleihen eines Rechners, auf dem bereits Linux installiert ist.<\/li>\n<\/ul>\n\n\n\n<p>Hier stehen hilfsbereite Mitbewohner*innen ehrenamtlich zur Beratung zur Verf\u00fcgung.<\/p>\n\n\n\n<h2 class=\"wp-block-heading\">Fahrradgruppe<\/h2>\n\n\n\n<p><strong>Dienstags von 17:00 bis 19:00 Uhr.<\/strong><br>Hilfe zur Selbsthilfe f\u00fcr Fahrr\u00e4der auf dem Kiezplatz vor dem Werkraum (keine Voranmeldung notwendig)<\/p>\n\n\n\n<p>Seit Mitte Juli 2023 hat der Werkraum sein Portfolio um eine Fahrradgruppe erweitert. Die darin aktiven Nachbar*innen unterst\u00fctzen gerne ehrenamtlich die Selbsthilfe von Radfahrer*innen bei Wartung und Instandsetzung ihrer Drahtesel. Werkzeug f\u00fcr einfache Reparaturen ist vorhanden. Komplexere Reparaturen k\u00f6nnen in Kooperation mit der ADFC-Werkstatt durchgef\u00fchrt werden. Zu Beginn 2025 hat sich auch eine Fahrradwerkstatt in der Yorckstrasse 26 eingemietet, die auch gern zu Rate gezogen wird.<\/p>\n\n\n\n<figure class=\"wp-block-image size-full\"><img loading=\"lazy\" decoding=\"async\" width=\"480\" height=\"640\" src=\"https:\/\/moeckernkiez-ev.de\/Wordpress_MK\/wp-content\/uploads\/2023\/08\/IMG_6036-rotated.jpg\" alt=\"\" class=\"wp-image-2099\" srcset=\"https:\/\/moeckernkiez-ev.de\/Wordpress_MK\/wp-content\/uploads\/2023\/08\/IMG_6036-rotated.jpg 480w, https:\/\/moeckernkiez-ev.de\/Wordpress_MK\/wp-content\/uploads\/2023\/08\/IMG_6036-225x300.jpg 225w\" sizes=\"auto, (max-width: 480px) 100vw, 480px\" \/><\/figure>\n\n\n\n<hr class=\"wp-block-separator has-alpha-channel-opacity\"\/>\n\n\n\n<p>Kontakt, der alle Mitglieder dieser AG erreicht (alles was innerhalb der Anf\u00fchrungszeichen steht): <br>&#8222;AG Werkraum &lt;<a href=\"mailto:lists@moeckernkiez-ev.de\">lists@moeckernkiez-ev.de<\/a>&gt;&#8220;<\/p>\n","protected":false},"excerpt":{"rendered":"<p>Der Werkraum wird von der AG Werkraum des M\u00f6ckernkiez e.V. betrieben und befindet sich neben der Paketstation (M\u00f6ckernkiez 1 \/ Yorckstrasse 26 &#8211; Treppe hinan neben dem Aufzug). Kontakt: werkraum@moeckernkiez-ev.de Zu den in der unten stehenden Tabelle angegebenen Zeiten ist der Werkraum ge\u00f6ffnet bzw. es finden regelm\u00e4\u00dfige Aktivit\u00e4ten statt. Der Werkraum kann dar\u00fcber hinaus \u00fcber &#8230; <\/p>\n<p class=\"read-more-container\"><a title=\"Werkraum\" class=\"read-more button\" href=\"https:\/\/moeckernkiez-ev.de\/Wordpress_MK\/werkraum\/#more-40\" aria-label=\"Mehr Informationen \u00fcber Werkraum\">Beitrag lesen<\/a><\/p>\n","protected":false},"author":4,"featured_media":0,"parent":0,"menu_order":0,"comment_status":"closed","ping_status":"closed","template":"","meta":{"footnotes":""},"class_list":["post-40","page","type-page","status-publish"],"publishpress_future_action":{"enabled":false,"date":"2026-04-12 18:20:13","action":"change-status","newStatus":"draft","terms":[],"taxonomy":"","extraData":[]},"publishpress_future_workflow_manual_trigger":{"enabledWorkflows":[]},"_links":{"self":[{"href":"https:\/\/moeckernkiez-ev.de\/Wordpress_MK\/wp-json\/wp\/v2\/pages\/40","targetHints":{"allow":["GET"]}}],"collection":[{"href":"https:\/\/moeckernkiez-ev.de\/Wordpress_MK\/wp-json\/wp\/v2\/pages"}],"about":[{"href":"https:\/\/moeckernkiez-ev.de\/Wordpress_MK\/wp-json\/wp\/v2\/types\/page"}],"author":[{"embeddable":true,"href":"https:\/\/moeckernkiez-ev.de\/Wordpress_MK\/wp-json\/wp\/v2\/users\/4"}],"replies":[{"embeddable":true,"href":"https:\/\/moeckernkiez-ev.de\/Wordpress_MK\/wp-json\/wp\/v2\/comments?post=40"}],"version-history":[{"count":46,"href":"https:\/\/moeckernkiez-ev.de\/Wordpress_MK\/wp-json\/wp\/v2\/pages\/40\/revisions"}],"predecessor-version":[{"id":10233,"href":"https:\/\/moeckernkiez-ev.de\/Wordpress_MK\/wp-json\/wp\/v2\/pages\/40\/revisions\/10233"}],"wp:attachment":[{"href":"https:\/\/moeckernkiez-ev.de\/Wordpress_MK\/wp-json\/wp\/v2\/media?parent=40"}],"curies":[{"name":"wp","href":"https:\/\/api.w.org\/{rel}","templated":true}]}}