{"id":4869,"date":"2024-08-18T13:54:09","date_gmt":"2024-08-18T11:54:09","guid":{"rendered":"https:\/\/moeckernkiez-ev.de\/Wordpress_MK\/?page_id=4869"},"modified":"2025-09-15T19:43:47","modified_gmt":"2025-09-15T17:43:47","slug":"gruppe-kunst-im-moeckernkiez","status":"publish","type":"page","link":"https:\/\/moeckernkiez-ev.de\/Wordpress_MK\/gruppe-kunst-im-moeckernkiez\/","title":{"rendered":"Gruppe Kunst im M\u00f6ckernkiez"},"content":{"rendered":"\n<p><strong>Gemeinschaftsausstellung vom 26.09. bis 18.10.2025 im Treffpunkt, M\u00f6ckernkiez 2<\/strong> <br>K\u00fcnstlerinnen und K\u00fcnstler der Gruppe Kunst im M\u00f6ckernkiez pr\u00e4sentieren ihre Werke vom 26.09. bis 19.10.2025 in ihrer vierten Gemeinschaftsausstellung im Treffpunkt des M\u00f6ckernkiez unter dem gemeinsamen Thema \u201eZeit\u201c. Mit diesem Begriff sind viele Assoziationen verbunden. Auf das Thema Zeit beziehen sich die ausgestellten Werke und die begleitenden Veranstaltungen. Wir wollen spielerisch mit dem Begriff umgehen und laden alle Besucherinnen und Besucher ein, sich mit ihren Assoziationen und Aspekten bei verschiedenen Gelegenheiten einzubringen.<br><strong>\u00dcber uns<\/strong> <br>Die Gruppe Kunst im M\u00f6ckernkiez hat sich gegr\u00fcndet, um gemeinsame Ausstellungen und k\u00fcnstlerische Aktivit\u00e4ten zu gestalten und hat sich zu einem Kristallisationspunkt der im M\u00f6ckernkiez arbeitenden K\u00fcnstler\/innen entwickelt. Ausgehend von der gemeinsamen Teilnahme an der Art Kreuzberg 2022 (dem Rundgang durch Galerien und Werkst\u00e4tten in Kreuzberg) organisiert sie seitdem gemeinsame Ausstellungen und trifft sich regelm\u00e4\u00dfig. Ziel ist es, sich gegenseitig zu unterst\u00fctzen und gemeinschaftliche Aktivit\u00e4ten und Projekte zu starten. Mitglieder der Gruppe sind aktive K\u00fcnstlerinnen und K\u00fcnstler, die ein Interesse an der gemeinsamen Pr\u00e4sentation ihrer Werke und am Diskurs dar\u00fcber haben. Sie trifft sich i.d.R. am letzten Dienstag im Monat um 18.30 Uhr im Treffpunkt. Interessentinnen und Interessenten k\u00f6nnen sich bitte unter kunst@moeckernkiez-ev.de melden.<br><strong>Aktuelles<\/strong> <br>Gemeinschaftsausstellung vom 26.09. bis 18.10.2025<br>Vernissage: 26.09.2025, 19.00 Uhr: Einf\u00fchrung, Rundgang, Kulturbeitrag<br>Finissage: 18.10.2025, 19.00 Uhr<\/p>\n\n\n\n<p><strong>Begleitende Veranstaltungen:<\/strong> <br>05.10.2025, 19.00 -21.00 Uhr Veranstaltung Kulturzeit \u2013 Zeit f\u00fcr Kultur<br>mit Dr. Monika Sandhack, langj\u00e4hrige Redaktionsleiterin der Sendung Kulturzeit in 3SAT und gemeinsamen Diskussionen zum Thema Zeit f\u00fcr Kultur<\/p>\n\n\n\n<p>18.10.2025, 18.00 &#8211; 19.00 Uhr: <strong>Playback-Theater zu Begriffen rund um das Thema Zeit<\/strong><\/p>\n\n\n\n<h4 class=\"wp-block-heading\">K\u00fcnstlerinnen und K\u00fcnstler der Gruppe Kunst im M\u00f6ckernkiez:<\/h4>\n\n\n\n<p><\/p>\n\n\n\n<div class=\"wp-block-media-text is-stacked-on-mobile\" style=\"grid-template-columns:20% auto\"><figure class=\"wp-block-media-text__media\"><img loading=\"lazy\" decoding=\"async\" width=\"960\" height=\"960\" src=\"https:\/\/moeckernkiez-ev.de\/Wordpress_MK\/wp-content\/uploads\/2024\/08\/Dieter.jpeg\" alt=\"\" class=\"wp-image-4896 size-full\" srcset=\"https:\/\/moeckernkiez-ev.de\/Wordpress_MK\/wp-content\/uploads\/2024\/08\/Dieter.jpeg 960w, https:\/\/moeckernkiez-ev.de\/Wordpress_MK\/wp-content\/uploads\/2024\/08\/Dieter-300x300.jpeg 300w, https:\/\/moeckernkiez-ev.de\/Wordpress_MK\/wp-content\/uploads\/2024\/08\/Dieter-150x150.jpeg 150w, https:\/\/moeckernkiez-ev.de\/Wordpress_MK\/wp-content\/uploads\/2024\/08\/Dieter-768x768.jpeg 768w\" sizes=\"auto, (max-width: 960px) 100vw, 960px\" \/><\/figure><div class=\"wp-block-media-text__content\">\n<p><strong>Dieter Barz<\/strong><br>Streetart, Fotografie und Kleinskulpturen<br><a href=\"http:\/\/www.dieterbarz.com\">www.dieterbarz.com<\/a><br>dieterbarzberlin@gmail.com<\/p>\n<\/div><\/div>\n\n\n\n<p><\/p>\n\n\n\n<div class=\"wp-block-media-text is-stacked-on-mobile\" style=\"grid-template-columns:20% auto\"><figure class=\"wp-block-media-text__media\"><img loading=\"lazy\" decoding=\"async\" width=\"480\" height=\"640\" src=\"https:\/\/moeckernkiez-ev.de\/Wordpress_MK\/wp-content\/uploads\/2024\/08\/IMG_4765-rotated.jpg\" alt=\"\" class=\"wp-image-4897 size-full\" srcset=\"https:\/\/moeckernkiez-ev.de\/Wordpress_MK\/wp-content\/uploads\/2024\/08\/IMG_4765-rotated.jpg 480w, https:\/\/moeckernkiez-ev.de\/Wordpress_MK\/wp-content\/uploads\/2024\/08\/IMG_4765-225x300.jpg 225w\" sizes=\"auto, (max-width: 480px) 100vw, 480px\" \/><\/figure><div class=\"wp-block-media-text__content\">\n<p><strong>Johann Behrens<\/strong><br>\u00d6lbilder, Reliefs<br>Johann.behrens@medizin.uni-halle.de<\/p>\n<\/div><\/div>\n\n\n\n<p><\/p>\n\n\n\n<p><\/p>\n\n\n\n<div class=\"wp-block-media-text is-stacked-on-mobile\" style=\"grid-template-columns:20% auto\"><figure class=\"wp-block-media-text__media\"><img loading=\"lazy\" decoding=\"async\" width=\"640\" height=\"481\" src=\"https:\/\/moeckernkiez-ev.de\/Wordpress_MK\/wp-content\/uploads\/2024\/08\/Kristina_Dininish-Beach-2023-rotated.jpg\" alt=\"\" class=\"wp-image-4891 size-full\" srcset=\"https:\/\/moeckernkiez-ev.de\/Wordpress_MK\/wp-content\/uploads\/2024\/08\/Kristina_Dininish-Beach-2023-rotated.jpg 640w, https:\/\/moeckernkiez-ev.de\/Wordpress_MK\/wp-content\/uploads\/2024\/08\/Kristina_Dininish-Beach-2023-300x225.jpg 300w\" sizes=\"auto, (max-width: 640px) 100vw, 640px\" \/><\/figure><div class=\"wp-block-media-text__content\">\n<p><strong>Kristina Ciaglia<\/strong><br>Malerei<br><a href=\"http:\/\/Kristina Ciaglia Malerei www.ciaglia-malerei.jimdosite.com kristina.ciaglia@posteo.de\">www.ciaglia-malerei.jimdosite.com<\/a><br>kristina.ciaglia@posteo.de<\/p>\n<\/div><\/div>\n\n\n\n<p><\/p>\n\n\n\n<div class=\"wp-block-media-text is-stacked-on-mobile\" style=\"grid-template-columns:20% auto\"><figure class=\"wp-block-media-text__media\"><img loading=\"lazy\" decoding=\"async\" width=\"586\" height=\"640\" src=\"https:\/\/moeckernkiez-ev.de\/Wordpress_MK\/wp-content\/uploads\/2024\/08\/fittkau-Rote-Liebe-Dummy.jpg\" alt=\"\" class=\"wp-image-4892 size-full\" srcset=\"https:\/\/moeckernkiez-ev.de\/Wordpress_MK\/wp-content\/uploads\/2024\/08\/fittkau-Rote-Liebe-Dummy.jpg 586w, https:\/\/moeckernkiez-ev.de\/Wordpress_MK\/wp-content\/uploads\/2024\/08\/fittkau-Rote-Liebe-Dummy-275x300.jpg 275w\" sizes=\"auto, (max-width: 586px) 100vw, 586px\" \/><\/figure><div class=\"wp-block-media-text__content\">\n<p><strong>Hartmut Fittkau<\/strong><br>Malerei, Fotografie<br><a href=\"http:\/\/www.hartmut-fittkau.de\">www.hartmut-fittkau.de<\/a><\/p>\n<\/div><\/div>\n\n\n\n<p><\/p>\n\n\n\n<p><\/p>\n\n\n\n<div class=\"wp-block-media-text is-stacked-on-mobile\" style=\"grid-template-columns:20% auto\"><figure class=\"wp-block-media-text__media\"><img loading=\"lazy\" decoding=\"async\" width=\"640\" height=\"480\" src=\"https:\/\/moeckernkiez-ev.de\/Wordpress_MK\/wp-content\/uploads\/2024\/08\/Dagmar-rotated-e1724433188713.jpg\" alt=\"\" class=\"wp-image-4893 size-full\" srcset=\"https:\/\/moeckernkiez-ev.de\/Wordpress_MK\/wp-content\/uploads\/2024\/08\/Dagmar-rotated-e1724433188713.jpg 640w, https:\/\/moeckernkiez-ev.de\/Wordpress_MK\/wp-content\/uploads\/2024\/08\/Dagmar-rotated-e1724433188713-300x225.jpg 300w\" sizes=\"auto, (max-width: 640px) 100vw, 640px\" \/><\/figure><div class=\"wp-block-media-text__content\">\n<p><strong>Dagmar K\u00f6ppen<\/strong><br>Bildhauerei, Fotografie, Malerei, Lyrik<br><a href=\"http:\/\/www.dagmar-koeppen.de\">www.dagmar-koeppen.de<\/a><br>dagmarkoeppen@aol.com<\/p>\n<\/div><\/div>\n\n\n\n<p><\/p>\n\n\n\n<div class=\"wp-block-media-text is-stacked-on-mobile\" style=\"grid-template-columns:20% auto\"><figure class=\"wp-block-media-text__media\"><img loading=\"lazy\" decoding=\"async\" width=\"640\" height=\"483\" src=\"https:\/\/moeckernkiez-ev.de\/Wordpress_MK\/wp-content\/uploads\/2024\/08\/Karsten.jpg\" alt=\"\" class=\"wp-image-4890 size-full\" srcset=\"https:\/\/moeckernkiez-ev.de\/Wordpress_MK\/wp-content\/uploads\/2024\/08\/Karsten.jpg 640w, https:\/\/moeckernkiez-ev.de\/Wordpress_MK\/wp-content\/uploads\/2024\/08\/Karsten-300x226.jpg 300w\" sizes=\"auto, (max-width: 640px) 100vw, 640px\" \/><\/figure><div class=\"wp-block-media-text__content\">\n<p><strong>Karsten Lindloff<\/strong><br>Steinbildhauerer<br><a href=\"http:\/\/www.karsten-lindloff.com\">www.karsten-lindloff.com<\/a><br>lindloff@karsten-lindloff.com<\/p>\n<\/div><\/div>\n\n\n\n<p><\/p>\n\n\n\n<div class=\"wp-block-media-text is-stacked-on-mobile\" style=\"grid-template-columns:20% auto\"><figure class=\"wp-block-media-text__media\"><img loading=\"lazy\" decoding=\"async\" width=\"428\" height=\"640\" src=\"https:\/\/moeckernkiez-ev.de\/Wordpress_MK\/wp-content\/uploads\/2024\/08\/Regina_Dance_rot_fertig1-40x60-1.jpg\" alt=\"\" class=\"wp-image-4894 size-full\" srcset=\"https:\/\/moeckernkiez-ev.de\/Wordpress_MK\/wp-content\/uploads\/2024\/08\/Regina_Dance_rot_fertig1-40x60-1.jpg 428w, https:\/\/moeckernkiez-ev.de\/Wordpress_MK\/wp-content\/uploads\/2024\/08\/Regina_Dance_rot_fertig1-40x60-1-201x300.jpg 201w\" sizes=\"auto, (max-width: 428px) 100vw, 428px\" \/><\/figure><div class=\"wp-block-media-text__content\">\n<p><strong>Regina von Pock<\/strong><br>FIND ART, Fotografie<br>imaginer@web.de<\/p>\n<\/div><\/div>\n\n\n\n<p><\/p>\n\n\n\n<div class=\"wp-block-media-text is-stacked-on-mobile\" style=\"grid-template-columns:20% auto\"><figure class=\"wp-block-media-text__media\"><img loading=\"lazy\" decoding=\"async\" width=\"640\" height=\"517\" src=\"https:\/\/moeckernkiez-ev.de\/Wordpress_MK\/wp-content\/uploads\/2024\/08\/Brigitte_IMG_20230107_1423182.jpg\" alt=\"\" class=\"wp-image-4898 size-full\" srcset=\"https:\/\/moeckernkiez-ev.de\/Wordpress_MK\/wp-content\/uploads\/2024\/08\/Brigitte_IMG_20230107_1423182.jpg 640w, https:\/\/moeckernkiez-ev.de\/Wordpress_MK\/wp-content\/uploads\/2024\/08\/Brigitte_IMG_20230107_1423182-300x242.jpg 300w\" sizes=\"auto, (max-width: 640px) 100vw, 640px\" \/><\/figure><div class=\"wp-block-media-text__content\">\n<p><strong>Brigitte Sch\u00fcring<\/strong><br>Malerei, Bildhauerei<br>brigitte_schu@gmx.de<\/p>\n<\/div><\/div>\n\n\n\n<p><\/p>\n\n\n\n<div class=\"wp-block-media-text is-stacked-on-mobile\" style=\"grid-template-columns:20% auto\"><figure class=\"wp-block-media-text__media\"><img loading=\"lazy\" decoding=\"async\" width=\"961\" height=\"961\" src=\"https:\/\/moeckernkiez-ev.de\/Wordpress_MK\/wp-content\/uploads\/2024\/08\/Ulla.jpeg\" alt=\"\" class=\"wp-image-4895 size-full\" srcset=\"https:\/\/moeckernkiez-ev.de\/Wordpress_MK\/wp-content\/uploads\/2024\/08\/Ulla.jpeg 961w, https:\/\/moeckernkiez-ev.de\/Wordpress_MK\/wp-content\/uploads\/2024\/08\/Ulla-300x300.jpeg 300w, https:\/\/moeckernkiez-ev.de\/Wordpress_MK\/wp-content\/uploads\/2024\/08\/Ulla-150x150.jpeg 150w, https:\/\/moeckernkiez-ev.de\/Wordpress_MK\/wp-content\/uploads\/2024\/08\/Ulla-768x768.jpeg 768w\" sizes=\"auto, (max-width: 961px) 100vw, 961px\" \/><\/figure><div class=\"wp-block-media-text__content\">\n<p><strong>Ulla A. Wyrwoll<\/strong><br>Fotografie jeglicher Couleur<br>ullan666@yahoo.de<\/p>\n<\/div><\/div>\n\n\n\n<p><\/p>\n\n\n\n<div class=\"wp-block-media-text is-stacked-on-mobile\" style=\"grid-template-columns:20% auto\"><figure class=\"wp-block-media-text__media\"><img loading=\"lazy\" decoding=\"async\" width=\"834\" height=\"711\" src=\"https:\/\/moeckernkiez-ev.de\/Wordpress_MK\/wp-content\/uploads\/2024\/08\/Eva-nessel.2002.jpg\" alt=\"\" class=\"wp-image-4900 size-full\" srcset=\"https:\/\/moeckernkiez-ev.de\/Wordpress_MK\/wp-content\/uploads\/2024\/08\/Eva-nessel.2002.jpg 834w, https:\/\/moeckernkiez-ev.de\/Wordpress_MK\/wp-content\/uploads\/2024\/08\/Eva-nessel.2002-300x256.jpg 300w, https:\/\/moeckernkiez-ev.de\/Wordpress_MK\/wp-content\/uploads\/2024\/08\/Eva-nessel.2002-768x655.jpg 768w\" sizes=\"auto, (max-width: 834px) 100vw, 834px\" \/><\/figure><div class=\"wp-block-media-text__content\">\n<p><strong>Eva Zimmermann<\/strong><br>Malerei<br>eva.zimmermann@posteo.de<\/p>\n<\/div><\/div>\n\n\n\n<p><\/p>\n\n\n\n<p><strong>Klaus-Peter Leopoldt<\/strong><br>Gedichte<br>viasilvae@posteo.de<\/p>\n","protected":false},"excerpt":{"rendered":"<p>Gemeinschaftsausstellung vom 26.09. bis 18.10.2025 im Treffpunkt, M\u00f6ckernkiez 2 K\u00fcnstlerinnen und K\u00fcnstler der Gruppe Kunst im M\u00f6ckernkiez pr\u00e4sentieren ihre Werke vom 26.09. bis 19.10.2025 in ihrer vierten Gemeinschaftsausstellung im Treffpunkt des M\u00f6ckernkiez unter dem gemeinsamen Thema \u201eZeit\u201c. Mit diesem Begriff sind viele Assoziationen verbunden. Auf das Thema Zeit beziehen sich die ausgestellten Werke und die &#8230; <\/p>\n<p class=\"read-more-container\"><a title=\"Gruppe Kunst im M\u00f6ckernkiez\" class=\"read-more button\" href=\"https:\/\/moeckernkiez-ev.de\/Wordpress_MK\/gruppe-kunst-im-moeckernkiez\/#more-4869\" aria-label=\"Mehr Informationen \u00fcber Gruppe Kunst im M\u00f6ckernkiez\">Beitrag lesen<\/a><\/p>\n","protected":false},"author":4,"featured_media":0,"parent":0,"menu_order":0,"comment_status":"closed","ping_status":"closed","template":"","meta":{"footnotes":""},"class_list":["post-4869","page","type-page","status-publish"],"publishpress_future_action":{"enabled":false,"date":"2026-04-10 19:52:54","action":"change-status","newStatus":"draft","terms":[],"taxonomy":"","extraData":[]},"publishpress_future_workflow_manual_trigger":{"enabledWorkflows":[]},"_links":{"self":[{"href":"https:\/\/moeckernkiez-ev.de\/Wordpress_MK\/wp-json\/wp\/v2\/pages\/4869","targetHints":{"allow":["GET"]}}],"collection":[{"href":"https:\/\/moeckernkiez-ev.de\/Wordpress_MK\/wp-json\/wp\/v2\/pages"}],"about":[{"href":"https:\/\/moeckernkiez-ev.de\/Wordpress_MK\/wp-json\/wp\/v2\/types\/page"}],"author":[{"embeddable":true,"href":"https:\/\/moeckernkiez-ev.de\/Wordpress_MK\/wp-json\/wp\/v2\/users\/4"}],"replies":[{"embeddable":true,"href":"https:\/\/moeckernkiez-ev.de\/Wordpress_MK\/wp-json\/wp\/v2\/comments?post=4869"}],"version-history":[{"count":25,"href":"https:\/\/moeckernkiez-ev.de\/Wordpress_MK\/wp-json\/wp\/v2\/pages\/4869\/revisions"}],"predecessor-version":[{"id":8590,"href":"https:\/\/moeckernkiez-ev.de\/Wordpress_MK\/wp-json\/wp\/v2\/pages\/4869\/revisions\/8590"}],"wp:attachment":[{"href":"https:\/\/moeckernkiez-ev.de\/Wordpress_MK\/wp-json\/wp\/v2\/media?parent=4869"}],"curies":[{"name":"wp","href":"https:\/\/api.w.org\/{rel}","templated":true}]}}