{"id":8026,"date":"2025-07-15T11:36:45","date_gmt":"2025-07-15T09:36:45","guid":{"rendered":"https:\/\/moeckernkiez-ev.de\/Wordpress_MK\/?page_id=8026"},"modified":"2025-08-20T23:37:28","modified_gmt":"2025-08-20T21:37:28","slug":"erfahrungen","status":"publish","type":"page","link":"https:\/\/moeckernkiez-ev.de\/Wordpress_MK\/erfahrungen\/","title":{"rendered":"Erfahrungen"},"content":{"rendered":"\n<p>Auf dieser Seite berichten M\u00f6ckernkiezler*innen \u00fcber ihre Erfahrungen im Zusammenleben im M\u00f6ckernkiez!&nbsp;<\/p>\n\n\n\n<p>&nbsp;&nbsp;&nbsp; <strong>Weitere Beitr\u00e4ge sind erw\u00fcnscht!&nbsp;<\/strong><\/p>\n\n\n\n<p>Wie kann Clusterwohnen und Wohnen in einer <a href=\"https:\/\/www.lebendigaltern.de\/\">\u201eAlten -WG\u201c<\/a> &nbsp;aussehen?&nbsp;<\/p>\n\n\n\n<p>Ulrike Arnold gibt <u class=\"\"><a href=\"https:\/\/www.lebendigaltern.de\/app\/download\/12555551757\/Text%20Homepage_2025.pdf?t=1742811442\">hier<\/a><\/u> mit dem folgenden anschaulichen Erfahrungsbericht \u00fcber das Leben in der <a href=\"https:\/\/www.lebendigaltern.de\/\">\u201eAlten WG\u201c<\/a> im&nbsp; M\u00f6ckernkiez Einblick in diese besondere Form des gemeinsam solidarisch Alt werdens im M\u00f6ckernkiez.<\/p>\n\n\n\n<figure class=\"wp-block-image size-large\"><img loading=\"lazy\" decoding=\"async\" width=\"1024\" height=\"576\" src=\"https:\/\/moeckernkiez-ev.de\/Wordpress_MK\/wp-content\/uploads\/2025\/08\/DSC07837-1024x576.jpeg\" alt=\"\" class=\"wp-image-8296\" srcset=\"https:\/\/moeckernkiez-ev.de\/Wordpress_MK\/wp-content\/uploads\/2025\/08\/DSC07837-1024x576.jpeg 1024w, https:\/\/moeckernkiez-ev.de\/Wordpress_MK\/wp-content\/uploads\/2025\/08\/DSC07837-300x169.jpeg 300w, https:\/\/moeckernkiez-ev.de\/Wordpress_MK\/wp-content\/uploads\/2025\/08\/DSC07837-768x432.jpeg 768w, https:\/\/moeckernkiez-ev.de\/Wordpress_MK\/wp-content\/uploads\/2025\/08\/DSC07837.jpeg 1280w\" sizes=\"auto, (max-width: 1024px) 100vw, 1024px\" \/><\/figure>\n","protected":false},"excerpt":{"rendered":"<p>Auf dieser Seite berichten M\u00f6ckernkiezler*innen \u00fcber ihre Erfahrungen im Zusammenleben im M\u00f6ckernkiez!&nbsp; &nbsp;&nbsp;&nbsp; Weitere Beitr\u00e4ge sind erw\u00fcnscht!&nbsp; Wie kann Clusterwohnen und Wohnen in einer \u201eAlten -WG\u201c &nbsp;aussehen?&nbsp; Ulrike Arnold gibt hier mit dem folgenden anschaulichen Erfahrungsbericht \u00fcber das Leben in der \u201eAlten WG\u201c im&nbsp; M\u00f6ckernkiez Einblick in diese besondere Form des gemeinsam solidarisch Alt werdens &#8230; <\/p>\n<p class=\"read-more-container\"><a title=\"Erfahrungen\" class=\"read-more button\" href=\"https:\/\/moeckernkiez-ev.de\/Wordpress_MK\/erfahrungen\/#more-8026\" aria-label=\"Mehr Informationen \u00fcber Erfahrungen\">Beitrag lesen<\/a><\/p>\n","protected":false},"author":1,"featured_media":0,"parent":0,"menu_order":0,"comment_status":"closed","ping_status":"closed","template":"","meta":{"footnotes":""},"class_list":["post-8026","page","type-page","status-publish"],"publishpress_future_action":{"enabled":false,"date":"2026-04-14 12:18:07","action":"change-status","newStatus":"draft","terms":[],"taxonomy":"","extraData":[]},"publishpress_future_workflow_manual_trigger":{"enabledWorkflows":[]},"_links":{"self":[{"href":"https:\/\/moeckernkiez-ev.de\/Wordpress_MK\/wp-json\/wp\/v2\/pages\/8026","targetHints":{"allow":["GET"]}}],"collection":[{"href":"https:\/\/moeckernkiez-ev.de\/Wordpress_MK\/wp-json\/wp\/v2\/pages"}],"about":[{"href":"https:\/\/moeckernkiez-ev.de\/Wordpress_MK\/wp-json\/wp\/v2\/types\/page"}],"author":[{"embeddable":true,"href":"https:\/\/moeckernkiez-ev.de\/Wordpress_MK\/wp-json\/wp\/v2\/users\/1"}],"replies":[{"embeddable":true,"href":"https:\/\/moeckernkiez-ev.de\/Wordpress_MK\/wp-json\/wp\/v2\/comments?post=8026"}],"version-history":[{"count":7,"href":"https:\/\/moeckernkiez-ev.de\/Wordpress_MK\/wp-json\/wp\/v2\/pages\/8026\/revisions"}],"predecessor-version":[{"id":8354,"href":"https:\/\/moeckernkiez-ev.de\/Wordpress_MK\/wp-json\/wp\/v2\/pages\/8026\/revisions\/8354"}],"wp:attachment":[{"href":"https:\/\/moeckernkiez-ev.de\/Wordpress_MK\/wp-json\/wp\/v2\/media?parent=8026"}],"curies":[{"name":"wp","href":"https:\/\/api.w.org\/{rel}","templated":true}]}}